{"id":1248,"date":"2021-07-13T17:18:43","date_gmt":"2021-07-13T17:18:43","guid":{"rendered":"https:\/\/kamenplehan.hr\/?page_id=1248"},"modified":"2021-10-21T13:57:06","modified_gmt":"2021-10-21T11:57:06","slug":"kamini","status":"publish","type":"page","link":"https:\/\/kamenplehan.hr\/en\/kamini\/","title":{"rendered":"Fireplaces"},"content":{"rendered":"<div data-elementor-type=\"wp-page\" data-elementor-id=\"1248\" class=\"elementor elementor-1248\">\n\t\t\t\t\t\t\t\t\t<section class=\"elementor-section elementor-top-section elementor-element elementor-element-4ff2b850 elementor-section-height-min-height elementor-section-boxed elementor-section-height-default elementor-section-items-middle\" data-id=\"4ff2b850\" data-element_type=\"section\" data-settings=\"{&quot;background_background&quot;:&quot;classic&quot;}\">\n\t\t\t\t\t\t\t<div class=\"elementor-background-overlay\"><\/div>\n\t\t\t\t\t\t\t<div class=\"elementor-container elementor-column-gap-default\">\n\t\t\t\t\t<div class=\"elementor-column elementor-col-100 elementor-top-column elementor-element elementor-element-2f051c73\" data-id=\"2f051c73\" data-element_type=\"column\">\n\t\t\t<div class=\"elementor-widget-wrap elementor-element-populated\">\n\t\t\t\t\t\t\t\t<div class=\"elementor-element elementor-element-66d337d2 elementor-widget elementor-widget-heading\" data-id=\"66d337d2\" data-element_type=\"widget\" data-widget_type=\"heading.default\">\n\t\t\t\t<div class=\"elementor-widget-container\">\n\t\t\t<h2 class=\"elementor-heading-title elementor-size-default\">Fireplaces<\/h2>\t\t<\/div>\n\t\t\t\t<\/div>\n\t\t\t\t<div class=\"elementor-element elementor-element-468dce13 elementor-widget__width-initial elementor-mobile-align-justify elementor-widget-mobile__width-initial elementor-widget elementor-widget-button\" data-id=\"468dce13\" data-element_type=\"widget\" data-widget_type=\"button.default\">\n\t\t\t\t<div class=\"elementor-widget-container\">\n\t\t\t\t\t<div class=\"elementor-button-wrapper\">\n\t\t\t<a href=\"#kamini-link\" class=\"elementor-button-link elementor-button elementor-size-md elementor-animation-grow\" role=\"button\">\n\t\t\t\t\t\t<span class=\"elementor-button-content-wrapper\">\n\t\t\t\t\t\t<span class=\"elementor-button-text\">Description<\/span>\n\t\t<\/span>\n\t\t\t\t\t<\/a>\n\t\t<\/div>\n\t\t\t\t<\/div>\n\t\t\t\t<\/div>\n\t\t\t\t<div class=\"elementor-element elementor-element-3b970857 elementor-widget__width-auto elementor-mobile-align-justify elementor-widget-mobile__width-initial elementor-widget elementor-widget-button\" data-id=\"3b970857\" data-element_type=\"widget\" data-widget_type=\"button.default\">\n\t\t\t\t<div class=\"elementor-widget-container\">\n\t\t\t\t\t<div class=\"elementor-button-wrapper\">\n\t\t\t<a href=\"#kamini-galerija\" class=\"elementor-button-link elementor-button elementor-size-md elementor-animation-grow\" role=\"button\">\n\t\t\t\t\t\t<span class=\"elementor-button-content-wrapper\">\n\t\t\t\t\t\t<span class=\"elementor-button-text\">Gallery<\/span>\n\t\t<\/span>\n\t\t\t\t\t<\/a>\n\t\t<\/div>\n\t\t\t\t<\/div>\n\t\t\t\t<\/div>\n\t\t\t\t\t<\/div>\n\t\t<\/div>\n\t\t\t\t\t\t\t<\/div>\n\t\t<\/section>\n\t\t\t\t<section class=\"elementor-section elementor-top-section elementor-element elementor-element-7dd998f elementor-section-boxed elementor-section-height-default elementor-section-height-default\" data-id=\"7dd998f\" data-element_type=\"section\">\n\t\t\t\t\t\t<div class=\"elementor-container elementor-column-gap-default\">\n\t\t\t\t\t<div class=\"elementor-column elementor-col-100 elementor-top-column elementor-element elementor-element-1c63d688\" data-id=\"1c63d688\" data-element_type=\"column\">\n\t\t\t<div class=\"elementor-widget-wrap elementor-element-populated\">\n\t\t\t\t\t\t\t\t<div class=\"elementor-element elementor-element-3c7df369 elementor-widget elementor-widget-heading\" data-id=\"3c7df369\" data-element_type=\"widget\" id=\"kamini-link\" data-widget_type=\"heading.default\">\n\t\t\t\t<div class=\"elementor-widget-container\">\n\t\t\t<h2 class=\"elementor-heading-title elementor-size-default\">Connection of traditional and modern<\/h2>\t\t<\/div>\n\t\t\t\t<\/div>\n\t\t\t\t<div class=\"elementor-element elementor-element-222457ef elementor-widget elementor-widget-text-editor\" data-id=\"222457ef\" data-element_type=\"widget\" data-widget_type=\"text-editor.default\">\n\t\t\t\t<div class=\"elementor-widget-container\">\n\t\t\t\t\t\t\t<p><span style=\"font-weight: 400;\">Although fireplaces are often associated with traditional and classic interiors, they also fit perfectly into modern spaces. The living room is the room where most of the time is spent during the cold months. In addition to the warmth, the fireplace in the living room brings a magical atmosphere that will complete any home.<\/span><span style=\"font-weight: 400;\"><br \/><\/span><span style=\"font-weight: 400;\">One of the first associations, when we talk about fireplaces, is stone. Stone is used as a lining material for fireplaces because of its heat resistance, but also because of its easy combination with other materials. Regardless of the type of fireplace, we will help you to choose the right material.<\/span><\/p>\t\t\t\t\t\t<\/div>\n\t\t\t\t<\/div>\n\t\t\t\t<div class=\"elementor-element elementor-element-4395ace8 elementor-widget elementor-widget-heading\" data-id=\"4395ace8\" data-element_type=\"widget\" id=\"kamini-galerija\" data-widget_type=\"heading.default\">\n\t\t\t\t<div class=\"elementor-widget-container\">\n\t\t\t<h2 class=\"elementor-heading-title elementor-size-default\">Gallery<\/h2>\t\t<\/div>\n\t\t\t\t<\/div>\n\t\t\t\t\t<\/div>\n\t\t<\/div>\n\t\t\t\t\t\t\t<\/div>\n\t\t<\/section>\n\t\t\t\t<section class=\"elementor-section elementor-top-section elementor-element elementor-element-7cd9061a elementor-section-boxed elementor-section-height-default elementor-section-height-default\" data-id=\"7cd9061a\" data-element_type=\"section\">\n\t\t\t\t\t\t<div class=\"elementor-container elementor-column-gap-default\">\n\t\t\t\t\t<div class=\"elementor-column elementor-col-33 elementor-top-column elementor-element elementor-element-678a749f\" data-id=\"678a749f\" data-element_type=\"column\">\n\t\t\t<div class=\"elementor-widget-wrap elementor-element-populated\">\n\t\t\t\t\t\t\t\t<div class=\"elementor-element elementor-element-18b7b857 galerija-proizvoda elementor-widget elementor-widget-image-carousel\" data-id=\"18b7b857\" data-element_type=\"widget\" data-settings=\"{&quot;slides_to_show&quot;:&quot;1&quot;,&quot;navigation&quot;:&quot;none&quot;,&quot;autoplay&quot;:&quot;no&quot;,&quot;infinite&quot;:&quot;no&quot;,&quot;effect&quot;:&quot;slide&quot;,&quot;speed&quot;:500}\" data-widget_type=\"image-carousel.default\">\n\t\t\t\t<div class=\"elementor-widget-container\">\n\t\t\t\t\t<div class=\"elementor-image-carousel-wrapper swiper-container\" dir=\"ltr\">\n\t\t\t<div class=\"elementor-image-carousel swiper-wrapper\">\n\t\t\t\t\t\t\t\t<div class=\"swiper-slide\"><a data-elementor-open-lightbox=\"yes\" data-elementor-lightbox-slideshow=\"18b7b857\" e-action-hash=\"#elementor-action%3Aaction%3Dlightbox%26settings%3DeyJpZCI6MTM1MSwidXJsIjoiaHR0cHM6XC9cL2thbWVucGxlaGFuLmhyXC93cC1jb250ZW50XC91cGxvYWRzXC8yMDIxXC8wN1wvSU1HXzM1NDAtbWluLXNjYWxlZC5qcGciLCJzbGlkZXNob3ciOiIxOGI3Yjg1NyJ9\" href=\"https:\/\/kamenplehan.hr\/wp-content\/uploads\/2021\/07\/IMG_3540-min-scaled.jpg\"><figure class=\"swiper-slide-inner\"><img decoding=\"async\" class=\"swiper-slide-image\" src=\"https:\/\/kamenplehan.hr\/wp-content\/uploads\/elementor\/thumbs\/IMG_3540-min-scaled-pqrbgj77x0bkiqkssf012ujx3iglnsjrqwz3usc7fk.jpg\" alt=\"IMG_3540-min\" \/><\/figure><\/a><\/div>\t\t\t<\/div>\n\t\t\t\t\t<\/div>\n\t\t\t\t<\/div>\n\t\t\t\t<\/div>\n\t\t\t\t<div class=\"elementor-element elementor-element-49d10a5c elementor-widget elementor-widget-heading\" data-id=\"49d10a5c\" data-element_type=\"widget\" data-widget_type=\"heading.default\">\n\t\t\t\t<div class=\"elementor-widget-container\">\n\t\t\t<h5 class=\"elementor-heading-title elementor-size-medium\">Artificial quartz - Carbone<\/h5>\t\t<\/div>\n\t\t\t\t<\/div>\n\t\t\t\t<div class=\"elementor-element elementor-element-6af618dd galerija-proizvoda elementor-widget elementor-widget-image-carousel\" data-id=\"6af618dd\" data-element_type=\"widget\" data-settings=\"{&quot;slides_to_show&quot;:&quot;1&quot;,&quot;navigation&quot;:&quot;none&quot;,&quot;autoplay&quot;:&quot;no&quot;,&quot;infinite&quot;:&quot;no&quot;,&quot;effect&quot;:&quot;slide&quot;,&quot;speed&quot;:500}\" data-widget_type=\"image-carousel.default\">\n\t\t\t\t<div class=\"elementor-widget-container\">\n\t\t\t\t\t<div class=\"elementor-image-carousel-wrapper swiper-container\" dir=\"ltr\">\n\t\t\t<div class=\"elementor-image-carousel swiper-wrapper\">\n\t\t\t\t\t\t\t\t<div class=\"swiper-slide\"><a data-elementor-open-lightbox=\"yes\" data-elementor-lightbox-slideshow=\"6af618dd\" e-action-hash=\"#elementor-action%3Aaction%3Dlightbox%26settings%3DeyJpZCI6MTM1OCwidXJsIjoiaHR0cHM6XC9cL2thbWVucGxlaGFuLmhyXC93cC1jb250ZW50XC91cGxvYWRzXC8yMDIxXC8wN1wvSU1HXzUxNjAtbWluLXNjYWxlZC5qcGciLCJzbGlkZXNob3ciOiI2YWY2MThkZCJ9\" href=\"https:\/\/kamenplehan.hr\/wp-content\/uploads\/2021\/07\/IMG_5160-min-scaled.jpg\"><figure class=\"swiper-slide-inner\"><img decoding=\"async\" class=\"swiper-slide-image\" src=\"https:\/\/kamenplehan.hr\/wp-content\/uploads\/elementor\/thumbs\/IMG_5160-min-scaled-pqrbgj77x0bkiqkssf012ujx3iglnsjrqwz3usc7fk.jpg\" alt=\"IMG_5160-min\" \/><\/figure><\/a><\/div><div class=\"swiper-slide\"><a data-elementor-open-lightbox=\"yes\" data-elementor-lightbox-slideshow=\"6af618dd\" e-action-hash=\"#elementor-action%3Aaction%3Dlightbox%26settings%3DeyJpZCI6MTM1OSwidXJsIjoiaHR0cHM6XC9cL2thbWVucGxlaGFuLmhyXC93cC1jb250ZW50XC91cGxvYWRzXC8yMDIxXC8wN1wvSU1HXzUxNTItbWluLXNjYWxlZC5qcGciLCJzbGlkZXNob3ciOiI2YWY2MThkZCJ9\" href=\"https:\/\/kamenplehan.hr\/wp-content\/uploads\/2021\/07\/IMG_5152-min-scaled.jpg\"><figure class=\"swiper-slide-inner\"><img decoding=\"async\" class=\"swiper-slide-image\" src=\"https:\/\/kamenplehan.hr\/wp-content\/uploads\/elementor\/thumbs\/IMG_5152-min-scaled-pqrbgj77x0bkiqkssf012ujx3iglnsjrqwz3usc7fk.jpg\" alt=\"IMG_5152-min\" \/><\/figure><\/a><\/div><div class=\"swiper-slide\"><a data-elementor-open-lightbox=\"yes\" data-elementor-lightbox-slideshow=\"6af618dd\" e-action-hash=\"#elementor-action%3Aaction%3Dlightbox%26settings%3DeyJpZCI6MTM2MCwidXJsIjoiaHR0cHM6XC9cL2thbWVucGxlaGFuLmhyXC93cC1jb250ZW50XC91cGxvYWRzXC8yMDIxXC8wN1wvSU1HXzUxNTctbWluLXNjYWxlZC5qcGciLCJzbGlkZXNob3ciOiI2YWY2MThkZCJ9\" href=\"https:\/\/kamenplehan.hr\/wp-content\/uploads\/2021\/07\/IMG_5157-min-scaled.jpg\"><figure class=\"swiper-slide-inner\"><img decoding=\"async\" class=\"swiper-slide-image\" src=\"https:\/\/kamenplehan.hr\/wp-content\/uploads\/elementor\/thumbs\/IMG_5157-min-scaled-pqrbgj77x0bkiqkssf012ujx3iglnsjrqwz3usc7fk.jpg\" alt=\"IMG_5157-min\" \/><\/figure><\/a><\/div>\t\t\t<\/div>\n\t\t\t\t\t\t\t\t\t\t\t\t\t\t\t\t<\/div>\n\t\t\t\t<\/div>\n\t\t\t\t<\/div>\n\t\t\t\t<div class=\"elementor-element elementor-element-6872c10e elementor-widget elementor-widget-heading\" data-id=\"6872c10e\" data-element_type=\"widget\" data-widget_type=\"heading.default\">\n\t\t\t\t<div class=\"elementor-widget-container\">\n\t\t\t<h5 class=\"elementor-heading-title elementor-size-default\">Artificial marble - Terra<\/h5>\t\t<\/div>\n\t\t\t\t<\/div>\n\t\t\t\t\t<\/div>\n\t\t<\/div>\n\t\t\t\t<div class=\"elementor-column elementor-col-33 elementor-top-column elementor-element elementor-element-27ab3f7c\" data-id=\"27ab3f7c\" data-element_type=\"column\">\n\t\t\t<div class=\"elementor-widget-wrap elementor-element-populated\">\n\t\t\t\t\t\t\t\t<div class=\"elementor-element elementor-element-43dce0bb galerija-proizvoda elementor-widget elementor-widget-image-carousel\" data-id=\"43dce0bb\" data-element_type=\"widget\" data-settings=\"{&quot;slides_to_show&quot;:&quot;1&quot;,&quot;navigation&quot;:&quot;none&quot;,&quot;autoplay&quot;:&quot;no&quot;,&quot;infinite&quot;:&quot;no&quot;,&quot;effect&quot;:&quot;slide&quot;,&quot;speed&quot;:500}\" data-widget_type=\"image-carousel.default\">\n\t\t\t\t<div class=\"elementor-widget-container\">\n\t\t\t\t\t<div class=\"elementor-image-carousel-wrapper swiper-container\" dir=\"ltr\">\n\t\t\t<div class=\"elementor-image-carousel swiper-wrapper\">\n\t\t\t\t\t\t\t\t<div class=\"swiper-slide\"><a data-elementor-open-lightbox=\"yes\" data-elementor-lightbox-slideshow=\"43dce0bb\" e-action-hash=\"#elementor-action%3Aaction%3Dlightbox%26settings%3DeyJpZCI6MTM1MiwidXJsIjoiaHR0cHM6XC9cL2thbWVucGxlaGFuLmhyXC93cC1jb250ZW50XC91cGxvYWRzXC8yMDIxXC8wN1wvSU1HXzUxOTEtbWluLXNjYWxlZC5qcGciLCJzbGlkZXNob3ciOiI0M2RjZTBiYiJ9\" href=\"https:\/\/kamenplehan.hr\/wp-content\/uploads\/2021\/07\/IMG_5191-min-scaled.jpg\"><figure class=\"swiper-slide-inner\"><img decoding=\"async\" class=\"swiper-slide-image\" src=\"https:\/\/kamenplehan.hr\/wp-content\/uploads\/elementor\/thumbs\/IMG_5191-min-scaled-pqrbgj77x0bkiqkssf012ujx3iglnsjrqwz3usc7fk.jpg\" alt=\"IMG_5191-min\" \/><\/figure><\/a><\/div><div class=\"swiper-slide\"><a data-elementor-open-lightbox=\"yes\" data-elementor-lightbox-slideshow=\"43dce0bb\" e-action-hash=\"#elementor-action%3Aaction%3Dlightbox%26settings%3DeyJpZCI6MTM1MywidXJsIjoiaHR0cHM6XC9cL2thbWVucGxlaGFuLmhyXC93cC1jb250ZW50XC91cGxvYWRzXC8yMDIxXC8wN1wvSU1HXzUyMDItbWluLXNjYWxlZC5qcGciLCJzbGlkZXNob3ciOiI0M2RjZTBiYiJ9\" href=\"https:\/\/kamenplehan.hr\/wp-content\/uploads\/2021\/07\/IMG_5202-min-scaled.jpg\"><figure class=\"swiper-slide-inner\"><img decoding=\"async\" class=\"swiper-slide-image\" src=\"https:\/\/kamenplehan.hr\/wp-content\/uploads\/elementor\/thumbs\/IMG_5202-min-scaled-pqrbgj77x0bkiqkssf012ujx3iglnsjrqwz3usc7fk.jpg\" alt=\"IMG_5202-min\" \/><\/figure><\/a><\/div><div class=\"swiper-slide\"><a data-elementor-open-lightbox=\"yes\" data-elementor-lightbox-slideshow=\"43dce0bb\" e-action-hash=\"#elementor-action%3Aaction%3Dlightbox%26settings%3DeyJpZCI6MTM1NCwidXJsIjoiaHR0cHM6XC9cL2thbWVucGxlaGFuLmhyXC93cC1jb250ZW50XC91cGxvYWRzXC8yMDIxXC8wN1wvSU1HXzUyMDgtbWluLXNjYWxlZC5qcGciLCJzbGlkZXNob3ciOiI0M2RjZTBiYiJ9\" href=\"https:\/\/kamenplehan.hr\/wp-content\/uploads\/2021\/07\/IMG_5208-min-scaled.jpg\"><figure class=\"swiper-slide-inner\"><img decoding=\"async\" class=\"swiper-slide-image\" src=\"https:\/\/kamenplehan.hr\/wp-content\/uploads\/elementor\/thumbs\/IMG_5208-min-scaled-pqrbgj77x0bkiqkssf012ujx3iglnsjrqwz3usc7fk.jpg\" alt=\"IMG_5208-min\" \/><\/figure><\/a><\/div>\t\t\t<\/div>\n\t\t\t\t\t\t\t\t\t\t\t\t\t\t\t\t<\/div>\n\t\t\t\t<\/div>\n\t\t\t\t<\/div>\n\t\t\t\t<div class=\"elementor-element elementor-element-23b234f2 elementor-widget elementor-widget-heading\" data-id=\"23b234f2\" data-element_type=\"widget\" data-widget_type=\"heading.default\">\n\t\t\t\t<div class=\"elementor-widget-container\">\n\t\t\t<h5 class=\"elementor-heading-title elementor-size-default\">Artificial marble - Madreperla<\/h5>\t\t<\/div>\n\t\t\t\t<\/div>\n\t\t\t\t\t<\/div>\n\t\t<\/div>\n\t\t\t\t<div class=\"elementor-column elementor-col-33 elementor-top-column elementor-element elementor-element-62d42823\" data-id=\"62d42823\" data-element_type=\"column\">\n\t\t\t<div class=\"elementor-widget-wrap elementor-element-populated\">\n\t\t\t\t\t\t\t\t<div class=\"elementor-element elementor-element-7771cb6 galerija-proizvoda elementor-widget elementor-widget-image-carousel\" data-id=\"7771cb6\" data-element_type=\"widget\" data-settings=\"{&quot;slides_to_show&quot;:&quot;1&quot;,&quot;navigation&quot;:&quot;none&quot;,&quot;autoplay&quot;:&quot;no&quot;,&quot;infinite&quot;:&quot;no&quot;,&quot;effect&quot;:&quot;slide&quot;,&quot;speed&quot;:500}\" data-widget_type=\"image-carousel.default\">\n\t\t\t\t<div class=\"elementor-widget-container\">\n\t\t\t\t\t<div class=\"elementor-image-carousel-wrapper swiper-container\" dir=\"ltr\">\n\t\t\t<div class=\"elementor-image-carousel swiper-wrapper\">\n\t\t\t\t\t\t\t\t<div class=\"swiper-slide\"><a data-elementor-open-lightbox=\"yes\" data-elementor-lightbox-slideshow=\"7771cb6\" e-action-hash=\"#elementor-action%3Aaction%3Dlightbox%26settings%3DeyJpZCI6MTM1NSwidXJsIjoiaHR0cHM6XC9cL2thbWVucGxlaGFuLmhyXC93cC1jb250ZW50XC91cGxvYWRzXC8yMDIxXC8wN1wvMS1JTUdfODY5NS1taW4tc2NhbGVkLmpwZyIsInNsaWRlc2hvdyI6Ijc3NzFjYjYifQ%3D%3D\" href=\"https:\/\/kamenplehan.hr\/wp-content\/uploads\/2021\/07\/1-IMG_8695-min-scaled.jpg\"><figure class=\"swiper-slide-inner\"><img decoding=\"async\" class=\"swiper-slide-image\" src=\"https:\/\/kamenplehan.hr\/wp-content\/uploads\/elementor\/thumbs\/1-IMG_8695-min-scaled-pqrbgffv5o6f8aq9eddisvi2pyz4t04ueed5xohs4g.jpg\" alt=\"1 IMG_8695-min\" \/><\/figure><\/a><\/div><div class=\"swiper-slide\"><a data-elementor-open-lightbox=\"yes\" data-elementor-lightbox-slideshow=\"7771cb6\" e-action-hash=\"#elementor-action%3Aaction%3Dlightbox%26settings%3DeyJpZCI6MTM1NiwidXJsIjoiaHR0cHM6XC9cL2thbWVucGxlaGFuLmhyXC93cC1jb250ZW50XC91cGxvYWRzXC8yMDIxXC8wN1wvMi1JTUdfODczOS1taW4tc2NhbGVkLmpwZyIsInNsaWRlc2hvdyI6Ijc3NzFjYjYifQ%3D%3D\" href=\"https:\/\/kamenplehan.hr\/wp-content\/uploads\/2021\/07\/2-IMG_8739-min-scaled.jpg\"><figure class=\"swiper-slide-inner\"><img decoding=\"async\" class=\"swiper-slide-image\" src=\"https:\/\/kamenplehan.hr\/wp-content\/uploads\/elementor\/thumbs\/2-IMG_8739-min-scaled-pqrbggdpci7pjwow8vs5dd9jbcui0p8kqj0neygdy8.jpg\" alt=\"2 IMG_8739-min\" \/><\/figure><\/a><\/div><div class=\"swiper-slide\"><a data-elementor-open-lightbox=\"yes\" data-elementor-lightbox-slideshow=\"7771cb6\" e-action-hash=\"#elementor-action%3Aaction%3Dlightbox%26settings%3DeyJpZCI6MTM1NywidXJsIjoiaHR0cHM6XC9cL2thbWVucGxlaGFuLmhyXC93cC1jb250ZW50XC91cGxvYWRzXC8yMDIxXC8wN1wvMy1JTUdfODc2Mi1taW4tc2NhbGVkLmpwZyIsInNsaWRlc2hvdyI6Ijc3NzFjYjYifQ%3D%3D\" href=\"https:\/\/kamenplehan.hr\/wp-content\/uploads\/2021\/07\/3-IMG_8762-min-scaled.jpg\"><figure class=\"swiper-slide-inner\"><img decoding=\"async\" class=\"swiper-slide-image\" src=\"https:\/\/kamenplehan.hr\/wp-content\/uploads\/elementor\/thumbs\/3-IMG_8762-min-scaled-pqrbggdpci7pjwow8vs5dd9jbcui0p8kqj0neygdy8.jpg\" alt=\"3 IMG_8762-min\" \/><\/figure><\/a><\/div>\t\t\t<\/div>\n\t\t\t\t\t\t\t\t\t\t\t\t\t\t\t\t<\/div>\n\t\t\t\t<\/div>\n\t\t\t\t<\/div>\n\t\t\t\t<div class=\"elementor-element elementor-element-55b002a9 elementor-widget elementor-widget-heading\" data-id=\"55b002a9\" data-element_type=\"widget\" data-widget_type=\"heading.default\">\n\t\t\t\t<div class=\"elementor-widget-container\">\n\t\t\t<h5 class=\"elementor-heading-title elementor-size-default\">Marble - Emperador Dark<\/h5>\t\t<\/div>\n\t\t\t\t<\/div>\n\t\t\t\t\t<\/div>\n\t\t<\/div>\n\t\t\t\t\t\t\t<\/div>\n\t\t<\/section>\n\t\t\t\t\t\t\t<\/div>","protected":false},"excerpt":{"rendered":"<p>Kamini Opis Galerija Spoj tradicionalnog i modernog Iako se kamini \u010desto ve\u017eu uz tradicionalne i klasi\u010dne interijere, oni se savr\u0161eno uklapaju i u moderne prostore. Dnevni boravak je prostorija u kojoj najvi\u0161e vremena provodimo tijekom hladnih mjeseci. Kamin, osim topline, u dnevni boravak unosi i \u010darobnu atmosferu koja \u0107e upotpuniti svaki dom.Jedna od prvih asocijacija [&hellip;]<\/p>","protected":false},"author":1,"featured_media":1351,"parent":0,"menu_order":0,"comment_status":"closed","ping_status":"closed","template":"","meta":{"footnotes":""},"class_list":["post-1248","page","type-page","status-publish","has-post-thumbnail","hentry"],"_links":{"self":[{"href":"https:\/\/kamenplehan.hr\/en\/wp-json\/wp\/v2\/pages\/1248","targetHints":{"allow":["GET"]}}],"collection":[{"href":"https:\/\/kamenplehan.hr\/en\/wp-json\/wp\/v2\/pages"}],"about":[{"href":"https:\/\/kamenplehan.hr\/en\/wp-json\/wp\/v2\/types\/page"}],"author":[{"embeddable":true,"href":"https:\/\/kamenplehan.hr\/en\/wp-json\/wp\/v2\/users\/1"}],"replies":[{"embeddable":true,"href":"https:\/\/kamenplehan.hr\/en\/wp-json\/wp\/v2\/comments?post=1248"}],"version-history":[{"count":5,"href":"https:\/\/kamenplehan.hr\/en\/wp-json\/wp\/v2\/pages\/1248\/revisions"}],"predecessor-version":[{"id":2378,"href":"https:\/\/kamenplehan.hr\/en\/wp-json\/wp\/v2\/pages\/1248\/revisions\/2378"}],"wp:featuredmedia":[{"embeddable":true,"href":"https:\/\/kamenplehan.hr\/en\/wp-json\/wp\/v2\/media\/1351"}],"wp:attachment":[{"href":"https:\/\/kamenplehan.hr\/en\/wp-json\/wp\/v2\/media?parent=1248"}],"curies":[{"name":"wp","href":"https:\/\/api.w.org\/{rel}","templated":true}]}}