{"id":1258,"date":"2021-07-13T17:19:47","date_gmt":"2021-07-13T17:19:47","guid":{"rendered":"https:\/\/kamenplehan.hr\/?page_id=1258"},"modified":"2021-10-21T13:57:20","modified_gmt":"2021-10-21T11:57:20","slug":"uredenje-eksterijera","status":"publish","type":"page","link":"https:\/\/kamenplehan.hr\/en\/uredenje-eksterijera\/","title":{"rendered":"Exterior decoration"},"content":{"rendered":"<div data-elementor-type=\"wp-page\" data-elementor-id=\"1258\" class=\"elementor elementor-1258\">\n\t\t\t\t\t\t\t\t\t<section class=\"elementor-section elementor-top-section elementor-element elementor-element-21df05a4 elementor-section-height-min-height elementor-section-boxed elementor-section-height-default elementor-section-items-middle\" data-id=\"21df05a4\" data-element_type=\"section\" data-settings=\"{&quot;background_background&quot;:&quot;classic&quot;}\">\n\t\t\t\t\t\t\t<div class=\"elementor-background-overlay\"><\/div>\n\t\t\t\t\t\t\t<div class=\"elementor-container elementor-column-gap-no\">\n\t\t\t\t\t<div class=\"elementor-column elementor-col-100 elementor-top-column elementor-element elementor-element-7a205f12\" data-id=\"7a205f12\" data-element_type=\"column\">\n\t\t\t<div class=\"elementor-widget-wrap elementor-element-populated\">\n\t\t\t\t\t\t\t\t<div class=\"elementor-element elementor-element-6a67bc28 elementor-widget elementor-widget-heading\" data-id=\"6a67bc28\" data-element_type=\"widget\" data-widget_type=\"heading.default\">\n\t\t\t\t<div class=\"elementor-widget-container\">\n\t\t\t<h2 class=\"elementor-heading-title elementor-size-default\">Exterior decoration<\/h2>\t\t<\/div>\n\t\t\t\t<\/div>\n\t\t\t\t<div class=\"elementor-element elementor-element-6b63dfe0 elementor-widget__width-auto elementor-mobile-align-justify elementor-widget-mobile__width-initial elementor-widget elementor-widget-button\" data-id=\"6b63dfe0\" data-element_type=\"widget\" data-widget_type=\"button.default\">\n\t\t\t\t<div class=\"elementor-widget-container\">\n\t\t\t\t\t<div class=\"elementor-button-wrapper\">\n\t\t\t<a href=\"#eksterijer-link\" class=\"elementor-button-link elementor-button elementor-size-md elementor-animation-grow\" role=\"button\">\n\t\t\t\t\t\t<span class=\"elementor-button-content-wrapper\">\n\t\t\t\t\t\t<span class=\"elementor-button-text\">Description<\/span>\n\t\t<\/span>\n\t\t\t\t\t<\/a>\n\t\t<\/div>\n\t\t\t\t<\/div>\n\t\t\t\t<\/div>\n\t\t\t\t<div class=\"elementor-element elementor-element-6c83da13 elementor-widget__width-auto elementor-mobile-align-justify elementor-widget-mobile__width-initial elementor-widget elementor-widget-button\" data-id=\"6c83da13\" data-element_type=\"widget\" data-widget_type=\"button.default\">\n\t\t\t\t<div class=\"elementor-widget-container\">\n\t\t\t\t\t<div class=\"elementor-button-wrapper\">\n\t\t\t<a href=\"#eksterijer-galerija\" class=\"elementor-button-link elementor-button elementor-size-md elementor-animation-grow\" role=\"button\">\n\t\t\t\t\t\t<span class=\"elementor-button-content-wrapper\">\n\t\t\t\t\t\t<span class=\"elementor-button-text\">Gallery<\/span>\n\t\t<\/span>\n\t\t\t\t\t<\/a>\n\t\t<\/div>\n\t\t\t\t<\/div>\n\t\t\t\t<\/div>\n\t\t\t\t\t<\/div>\n\t\t<\/div>\n\t\t\t\t\t\t\t<\/div>\n\t\t<\/section>\n\t\t\t\t<section class=\"elementor-section elementor-top-section elementor-element elementor-element-54f086f2 elementor-section-boxed elementor-section-height-default elementor-section-height-default\" data-id=\"54f086f2\" data-element_type=\"section\">\n\t\t\t\t\t\t<div class=\"elementor-container elementor-column-gap-default\">\n\t\t\t\t\t<div class=\"elementor-column elementor-col-100 elementor-top-column elementor-element elementor-element-673d81fb\" data-id=\"673d81fb\" data-element_type=\"column\">\n\t\t\t<div class=\"elementor-widget-wrap elementor-element-populated\">\n\t\t\t\t\t\t\t\t<div class=\"elementor-element elementor-element-39985f1 elementor-widget elementor-widget-heading\" data-id=\"39985f1\" data-element_type=\"widget\" id=\"eksterijer-link\" data-widget_type=\"heading.default\">\n\t\t\t\t<div class=\"elementor-widget-container\">\n\t\t\t<h2 class=\"elementor-heading-title elementor-size-default\">The outdoor oasis of every home<\/h2>\t\t<\/div>\n\t\t\t\t<\/div>\n\t\t\t\t<div class=\"elementor-element elementor-element-3eb4263c elementor-widget elementor-widget-text-editor\" data-id=\"3eb4263c\" data-element_type=\"widget\" data-widget_type=\"text-editor.default\">\n\t\t\t\t<div class=\"elementor-widget-container\">\n\t\t\t\t\t\t\t<p>We usually like to spend our free time with our loved ones outdoors, in our yard, on terraces and balconies. With us, you can also arrange the exterior of your home. The stone has been used for many years in cladding the exterior. It is an excellent solution for lining paths, ancillary facilities, the area around the pool, and outdoor <a href=\"https:\/\/kamenplehan.hr\/en\/stepenice\/\" target=\"_blank\" rel=\"noopener\">stairs and floors<\/a>. In addition to providing a modern and elegant look, the stone brings several excellent functionalities. Easy maintenance, durability, and resistance are just some of the features of stone as a material.<\/p><p>To choose the right material, we are at your disposal. Send an inquiry and you will receive an answer as soon as possible so that your exterior gets a new dimension of decoration as quickly as possible.\u00a0<\/p><p>\u00a0<\/p>\t\t\t\t\t\t<\/div>\n\t\t\t\t<\/div>\n\t\t\t\t<div class=\"elementor-element elementor-element-416dbcaf elementor-widget elementor-widget-heading\" data-id=\"416dbcaf\" data-element_type=\"widget\" id=\"eksterijer-galerija\" data-widget_type=\"heading.default\">\n\t\t\t\t<div class=\"elementor-widget-container\">\n\t\t\t<h2 class=\"elementor-heading-title elementor-size-default\">Gallery<\/h2>\t\t<\/div>\n\t\t\t\t<\/div>\n\t\t\t\t\t<\/div>\n\t\t<\/div>\n\t\t\t\t\t\t\t<\/div>\n\t\t<\/section>\n\t\t\t\t<section class=\"elementor-section elementor-top-section elementor-element elementor-element-75c0f6f6 elementor-section-boxed elementor-section-height-default elementor-section-height-default\" data-id=\"75c0f6f6\" data-element_type=\"section\">\n\t\t\t\t\t\t<div class=\"elementor-container elementor-column-gap-default\">\n\t\t\t\t\t<div class=\"elementor-column elementor-col-33 elementor-top-column elementor-element elementor-element-736d46a9\" data-id=\"736d46a9\" data-element_type=\"column\">\n\t\t\t<div class=\"elementor-widget-wrap elementor-element-populated\">\n\t\t\t\t\t\t\t\t<div class=\"elementor-element elementor-element-5de16f71 galerija-proizvoda elementor-widget elementor-widget-image-carousel\" data-id=\"5de16f71\" data-element_type=\"widget\" data-settings=\"{&quot;slides_to_show&quot;:&quot;1&quot;,&quot;navigation&quot;:&quot;none&quot;,&quot;autoplay&quot;:&quot;no&quot;,&quot;infinite&quot;:&quot;no&quot;,&quot;effect&quot;:&quot;slide&quot;,&quot;speed&quot;:500}\" data-widget_type=\"image-carousel.default\">\n\t\t\t\t<div class=\"elementor-widget-container\">\n\t\t\t\t\t<div class=\"elementor-image-carousel-wrapper swiper-container\" dir=\"ltr\">\n\t\t\t<div class=\"elementor-image-carousel swiper-wrapper\">\n\t\t\t\t\t\t\t\t<div class=\"swiper-slide\"><a data-elementor-open-lightbox=\"yes\" data-elementor-lightbox-slideshow=\"5de16f71\" e-action-hash=\"#elementor-action%3Aaction%3Dlightbox%26settings%3DeyJpZCI6MTQ3OCwidXJsIjoiaHR0cHM6XC9cL2thbWVucGxlaGFuLmhyXC93cC1jb250ZW50XC91cGxvYWRzXC8yMDIxXC8wN1wvR3Jhbml0LU5lcm8tSW1wYWxhLTEtc2NhbGVkLmpwZyIsInNsaWRlc2hvdyI6IjVkZTE2ZjcxIn0%3D\" href=\"https:\/\/kamenplehan.hr\/wp-content\/uploads\/2021\/07\/Granit-Nero-Impala-1-scaled.jpg\"><figure class=\"swiper-slide-inner\"><img decoding=\"async\" class=\"swiper-slide-image\" src=\"https:\/\/kamenplehan.hr\/wp-content\/uploads\/elementor\/thumbs\/Granit-Nero-Impala-1-scaled-pqrbgi9dq6aa74m5xwleicsgi4l8g3g1esbmdidlls.jpg\" alt=\"Granit - Nero Impala (1)\" \/><\/figure><\/a><\/div><div class=\"swiper-slide\"><a data-elementor-open-lightbox=\"yes\" data-elementor-lightbox-slideshow=\"5de16f71\" e-action-hash=\"#elementor-action%3Aaction%3Dlightbox%26settings%3DeyJpZCI6MTQ3OSwidXJsIjoiaHR0cHM6XC9cL2thbWVucGxlaGFuLmhyXC93cC1jb250ZW50XC91cGxvYWRzXC8yMDIxXC8wN1wvR3Jhbml0LU5lcm8tSW1wYWxhLTItc2NhbGVkLmpwZyIsInNsaWRlc2hvdyI6IjVkZTE2ZjcxIn0%3D\" href=\"https:\/\/kamenplehan.hr\/wp-content\/uploads\/2021\/07\/Granit-Nero-Impala-2-scaled.jpg\"><figure class=\"swiper-slide-inner\"><img decoding=\"async\" class=\"swiper-slide-image\" src=\"https:\/\/kamenplehan.hr\/wp-content\/uploads\/elementor\/thumbs\/Granit-Nero-Impala-2-scaled-pqrbgi9dq6aa74m5xwleicsgi4l8g3g1esbmdidlls.jpg\" alt=\"Granit - Nero Impala (2)\" \/><\/figure><\/a><\/div><div class=\"swiper-slide\"><a data-elementor-open-lightbox=\"yes\" data-elementor-lightbox-slideshow=\"5de16f71\" e-action-hash=\"#elementor-action%3Aaction%3Dlightbox%26settings%3DeyJpZCI6MTQ4MCwidXJsIjoiaHR0cHM6XC9cL2thbWVucGxlaGFuLmhyXC93cC1jb250ZW50XC91cGxvYWRzXC8yMDIxXC8wN1wvR3Jhbml0LU5lcm8tSW1wYWxhLTMtc2NhbGVkLmpwZyIsInNsaWRlc2hvdyI6IjVkZTE2ZjcxIn0%3D\" href=\"https:\/\/kamenplehan.hr\/wp-content\/uploads\/2021\/07\/Granit-Nero-Impala-3-scaled.jpg\"><figure class=\"swiper-slide-inner\"><img decoding=\"async\" class=\"swiper-slide-image\" src=\"https:\/\/kamenplehan.hr\/wp-content\/uploads\/elementor\/thumbs\/Granit-Nero-Impala-3-scaled-pqrbgi9dq6aa74m5xwleicsgi4l8g3g1esbmdidlls.jpg\" alt=\"Granit - Nero Impala (3)\" \/><\/figure><\/a><\/div><div class=\"swiper-slide\"><a data-elementor-open-lightbox=\"yes\" data-elementor-lightbox-slideshow=\"5de16f71\" e-action-hash=\"#elementor-action%3Aaction%3Dlightbox%26settings%3DeyJpZCI6MTQ4MSwidXJsIjoiaHR0cHM6XC9cL2thbWVucGxlaGFuLmhyXC93cC1jb250ZW50XC91cGxvYWRzXC8yMDIxXC8wN1wvR3Jhbml0LU5lcm8tSW1wYWxhLTQtc2NhbGVkLmpwZyIsInNsaWRlc2hvdyI6IjVkZTE2ZjcxIn0%3D\" href=\"https:\/\/kamenplehan.hr\/wp-content\/uploads\/2021\/07\/Granit-Nero-Impala-4-scaled.jpg\"><figure class=\"swiper-slide-inner\"><img decoding=\"async\" class=\"swiper-slide-image\" src=\"https:\/\/kamenplehan.hr\/wp-content\/uploads\/elementor\/thumbs\/Granit-Nero-Impala-4-scaled-pqrbgi9dq6aa74m5xwleicsgi4l8g3g1esbmdidlls.jpg\" alt=\"Granit - Nero Impala (4)\" \/><\/figure><\/a><\/div>\t\t\t<\/div>\n\t\t\t\t\t\t\t\t\t\t\t\t\t\t\t\t<\/div>\n\t\t\t\t<\/div>\n\t\t\t\t<\/div>\n\t\t\t\t<div class=\"elementor-element elementor-element-543972c3 elementor-widget elementor-widget-heading\" data-id=\"543972c3\" data-element_type=\"widget\" data-widget_type=\"heading.default\">\n\t\t\t\t<div class=\"elementor-widget-container\">\n\t\t\t<h5 class=\"elementor-heading-title elementor-size-medium\">Granite - Nero Impala<\/h5>\t\t<\/div>\n\t\t\t\t<\/div>\n\t\t\t\t\t<\/div>\n\t\t<\/div>\n\t\t\t\t<div class=\"elementor-column elementor-col-33 elementor-top-column elementor-element elementor-element-7b77c6a0\" data-id=\"7b77c6a0\" data-element_type=\"column\">\n\t\t\t<div class=\"elementor-widget-wrap elementor-element-populated\">\n\t\t\t\t\t\t\t\t<div class=\"elementor-element elementor-element-593e35f9 galerija-proizvoda elementor-widget elementor-widget-image-carousel\" data-id=\"593e35f9\" data-element_type=\"widget\" data-settings=\"{&quot;slides_to_show&quot;:&quot;1&quot;,&quot;navigation&quot;:&quot;none&quot;,&quot;autoplay&quot;:&quot;no&quot;,&quot;infinite&quot;:&quot;no&quot;,&quot;effect&quot;:&quot;slide&quot;,&quot;speed&quot;:500}\" data-widget_type=\"image-carousel.default\">\n\t\t\t\t<div class=\"elementor-widget-container\">\n\t\t\t\t\t<div class=\"elementor-image-carousel-wrapper swiper-container\" dir=\"ltr\">\n\t\t\t<div class=\"elementor-image-carousel swiper-wrapper\">\n\t\t\t\t\t\t\t\t<div class=\"swiper-slide\"><a data-elementor-open-lightbox=\"yes\" data-elementor-lightbox-slideshow=\"593e35f9\" e-action-hash=\"#elementor-action%3Aaction%3Dlightbox%26settings%3DeyJpZCI6MTQ4MiwidXJsIjoiaHR0cHM6XC9cL2thbWVucGxlaGFuLmhyXC93cC1jb250ZW50XC91cGxvYWRzXC8yMDIxXC8wN1wvR3Jhbml0LU5ldy1DcmlzdGFsLTItc2NhbGVkLmpwZyIsInNsaWRlc2hvdyI6IjU5M2UzNWY5In0%3D\" href=\"https:\/\/kamenplehan.hr\/wp-content\/uploads\/2021\/07\/Granit-New-Cristal-2-scaled.jpg\"><figure class=\"swiper-slide-inner\"><img decoding=\"async\" class=\"swiper-slide-image\" src=\"https:\/\/kamenplehan.hr\/wp-content\/uploads\/elementor\/thumbs\/Granit-New-Cristal-2-scaled-pqrbgi9dq6aa74m5xwleicsgi4l8g3g1esbmdidlls.jpg\" alt=\"Granit - New Cristal (2)\" \/><\/figure><\/a><\/div><div class=\"swiper-slide\"><a data-elementor-open-lightbox=\"yes\" data-elementor-lightbox-slideshow=\"593e35f9\" e-action-hash=\"#elementor-action%3Aaction%3Dlightbox%26settings%3DeyJpZCI6MTQ4NCwidXJsIjoiaHR0cHM6XC9cL2thbWVucGxlaGFuLmhyXC93cC1jb250ZW50XC91cGxvYWRzXC8yMDIxXC8wN1wvR3Jhbml0LU5ldy1DcmlzdGFsLTQtc2NhbGVkLmpwZyIsInNsaWRlc2hvdyI6IjU5M2UzNWY5In0%3D\" href=\"https:\/\/kamenplehan.hr\/wp-content\/uploads\/2021\/07\/Granit-New-Cristal-4-scaled.jpg\"><figure class=\"swiper-slide-inner\"><img decoding=\"async\" class=\"swiper-slide-image\" src=\"https:\/\/kamenplehan.hr\/wp-content\/uploads\/elementor\/thumbs\/Granit-New-Cristal-4-scaled-pqrbgj77x0bkiqkssf012ujx3iglnsjrqwz3usc7fk.jpg\" alt=\"Granit - New Cristal (4)\" \/><\/figure><\/a><\/div><div class=\"swiper-slide\"><a data-elementor-open-lightbox=\"yes\" data-elementor-lightbox-slideshow=\"593e35f9\" e-action-hash=\"#elementor-action%3Aaction%3Dlightbox%26settings%3DeyJpZCI6MTQ4MywidXJsIjoiaHR0cHM6XC9cL2thbWVucGxlaGFuLmhyXC93cC1jb250ZW50XC91cGxvYWRzXC8yMDIxXC8wN1wvR3Jhbml0LU5ldy1DcmlzdGFsLTMtc2NhbGVkLmpwZyIsInNsaWRlc2hvdyI6IjU5M2UzNWY5In0%3D\" href=\"https:\/\/kamenplehan.hr\/wp-content\/uploads\/2021\/07\/Granit-New-Cristal-3-scaled.jpg\"><figure class=\"swiper-slide-inner\"><img decoding=\"async\" class=\"swiper-slide-image\" src=\"https:\/\/kamenplehan.hr\/wp-content\/uploads\/elementor\/thumbs\/Granit-New-Cristal-3-scaled-pqrbgj77x0bkiqkssf012ujx3iglnsjrqwz3usc7fk.jpg\" alt=\"Granit - New Cristal (3)\" \/><\/figure><\/a><\/div><div class=\"swiper-slide\"><a data-elementor-open-lightbox=\"yes\" data-elementor-lightbox-slideshow=\"593e35f9\" e-action-hash=\"#elementor-action%3Aaction%3Dlightbox%26settings%3DeyJpZCI6MTQ4NSwidXJsIjoiaHR0cHM6XC9cL2thbWVucGxlaGFuLmhyXC93cC1jb250ZW50XC91cGxvYWRzXC8yMDIxXC8wN1wvR3Jhbml0LU5ldy1DcmlzdGFsLTUtc2NhbGVkLmpwZyIsInNsaWRlc2hvdyI6IjU5M2UzNWY5In0%3D\" href=\"https:\/\/kamenplehan.hr\/wp-content\/uploads\/2021\/07\/Granit-New-Cristal-5-scaled.jpg\"><figure class=\"swiper-slide-inner\"><img decoding=\"async\" class=\"swiper-slide-image\" src=\"https:\/\/kamenplehan.hr\/wp-content\/uploads\/elementor\/thumbs\/Granit-New-Cristal-5-scaled-pqrbgj77x0bkiqkssf012ujx3iglnsjrqwz3usc7fk.jpg\" alt=\"Granit - New Cristal (5)\" \/><\/figure><\/a><\/div><div class=\"swiper-slide\"><a data-elementor-open-lightbox=\"yes\" data-elementor-lightbox-slideshow=\"593e35f9\" e-action-hash=\"#elementor-action%3Aaction%3Dlightbox%26settings%3DeyJpZCI6MTQ4NiwidXJsIjoiaHR0cHM6XC9cL2thbWVucGxlaGFuLmhyXC93cC1jb250ZW50XC91cGxvYWRzXC8yMDIxXC8wN1wvR3Jhbml0LU5ldy1DcmlzdGFsLTEtc2NhbGVkLmpwZyIsInNsaWRlc2hvdyI6IjU5M2UzNWY5In0%3D\" href=\"https:\/\/kamenplehan.hr\/wp-content\/uploads\/2021\/07\/Granit-New-Cristal-1-scaled.jpg\"><figure class=\"swiper-slide-inner\"><img decoding=\"async\" class=\"swiper-slide-image\" src=\"https:\/\/kamenplehan.hr\/wp-content\/uploads\/elementor\/thumbs\/Granit-New-Cristal-1-scaled-pqrbgi9dq6aa74m5xwleicsgi4l8g3g1esbmdidlls.jpg\" alt=\"Granit - New Cristal (1)\" \/><\/figure><\/a><\/div>\t\t\t<\/div>\n\t\t\t\t\t\t\t\t\t\t\t\t\t\t\t\t<\/div>\n\t\t\t\t<\/div>\n\t\t\t\t<\/div>\n\t\t\t\t<div class=\"elementor-element elementor-element-7748f114 elementor-widget elementor-widget-heading\" data-id=\"7748f114\" data-element_type=\"widget\" data-widget_type=\"heading.default\">\n\t\t\t\t<div class=\"elementor-widget-container\">\n\t\t\t<h5 class=\"elementor-heading-title elementor-size-default\">Granite - New Cristal<\/h5>\t\t<\/div>\n\t\t\t\t<\/div>\n\t\t\t\t\t<\/div>\n\t\t<\/div>\n\t\t\t\t<div class=\"elementor-column elementor-col-33 elementor-top-column elementor-element elementor-element-34ca3cdb\" data-id=\"34ca3cdb\" data-element_type=\"column\">\n\t\t\t<div class=\"elementor-widget-wrap elementor-element-populated\">\n\t\t\t\t\t\t\t\t<div class=\"elementor-element elementor-element-4a0301f6 galerija-proizvoda elementor-widget elementor-widget-image-carousel\" data-id=\"4a0301f6\" data-element_type=\"widget\" data-settings=\"{&quot;slides_to_show&quot;:&quot;1&quot;,&quot;navigation&quot;:&quot;none&quot;,&quot;autoplay&quot;:&quot;no&quot;,&quot;infinite&quot;:&quot;no&quot;,&quot;effect&quot;:&quot;slide&quot;,&quot;speed&quot;:500}\" data-widget_type=\"image-carousel.default\">\n\t\t\t\t<div class=\"elementor-widget-container\">\n\t\t\t\t\t<div class=\"elementor-image-carousel-wrapper swiper-container\" dir=\"ltr\">\n\t\t\t<div class=\"elementor-image-carousel swiper-wrapper\">\n\t\t\t\t\t\t\t\t<div class=\"swiper-slide\"><a data-elementor-open-lightbox=\"yes\" data-elementor-lightbox-slideshow=\"4a0301f6\" e-action-hash=\"#elementor-action%3Aaction%3Dlightbox%26settings%3DeyJpZCI6MTQ5MiwidXJsIjoiaHR0cHM6XC9cL2thbWVucGxlaGFuLmhyXC93cC1jb250ZW50XC91cGxvYWRzXC8yMDIxXC8wN1wvTXJhbW9yLVNpbGl0LTcuanBnIiwic2xpZGVzaG93IjoiNGEwMzAxZjYifQ%3D%3D\" href=\"https:\/\/kamenplehan.hr\/wp-content\/uploads\/2021\/07\/Mramor-Silit-7.jpg\"><figure class=\"swiper-slide-inner\"><img decoding=\"async\" class=\"swiper-slide-image\" src=\"https:\/\/kamenplehan.hr\/wp-content\/uploads\/elementor\/thumbs\/Mramor-Silit-7-pqrbgk523ucuucjfmxenncbdowbyvhni31mlc2at9c.jpg\" alt=\"Mramor - Silit (7)\" \/><\/figure><\/a><\/div><div class=\"swiper-slide\"><a data-elementor-open-lightbox=\"yes\" data-elementor-lightbox-slideshow=\"4a0301f6\" e-action-hash=\"#elementor-action%3Aaction%3Dlightbox%26settings%3DeyJpZCI6MTQ4NywidXJsIjoiaHR0cHM6XC9cL2thbWVucGxlaGFuLmhyXC93cC1jb250ZW50XC91cGxvYWRzXC8yMDIxXC8wN1wvTXJhbW9yLVNpbGl0LTIuanBnIiwic2xpZGVzaG93IjoiNGEwMzAxZjYifQ%3D%3D\" href=\"https:\/\/kamenplehan.hr\/wp-content\/uploads\/2021\/07\/Mramor-Silit-2.jpg\"><figure class=\"swiper-slide-inner\"><img decoding=\"async\" class=\"swiper-slide-image\" src=\"https:\/\/kamenplehan.hr\/wp-content\/uploads\/elementor\/thumbs\/Mramor-Silit-2-pqrbgk523ucuucjfmxenncbdowbyvhni31mlc2at9c.jpg\" alt=\"Mramor - Silit (2)\" \/><\/figure><\/a><\/div><div class=\"swiper-slide\"><a data-elementor-open-lightbox=\"yes\" data-elementor-lightbox-slideshow=\"4a0301f6\" e-action-hash=\"#elementor-action%3Aaction%3Dlightbox%26settings%3DeyJpZCI6MTQ4OCwidXJsIjoiaHR0cHM6XC9cL2thbWVucGxlaGFuLmhyXC93cC1jb250ZW50XC91cGxvYWRzXC8yMDIxXC8wN1wvTXJhbW9yLVNpbGl0LTMuanBnIiwic2xpZGVzaG93IjoiNGEwMzAxZjYifQ%3D%3D\" href=\"https:\/\/kamenplehan.hr\/wp-content\/uploads\/2021\/07\/Mramor-Silit-3.jpg\"><figure class=\"swiper-slide-inner\"><img decoding=\"async\" class=\"swiper-slide-image\" src=\"https:\/\/kamenplehan.hr\/wp-content\/uploads\/elementor\/thumbs\/Mramor-Silit-3-pqrbgk523ucuucjfmxenncbdowbyvhni31mlc2at9c.jpg\" alt=\"Mramor - Silit (3)\" \/><\/figure><\/a><\/div><div class=\"swiper-slide\"><a data-elementor-open-lightbox=\"yes\" data-elementor-lightbox-slideshow=\"4a0301f6\" e-action-hash=\"#elementor-action%3Aaction%3Dlightbox%26settings%3DeyJpZCI6MTQ4OSwidXJsIjoiaHR0cHM6XC9cL2thbWVucGxlaGFuLmhyXC93cC1jb250ZW50XC91cGxvYWRzXC8yMDIxXC8wN1wvTXJhbW9yLVNpbGl0LTQuanBnIiwic2xpZGVzaG93IjoiNGEwMzAxZjYifQ%3D%3D\" href=\"https:\/\/kamenplehan.hr\/wp-content\/uploads\/2021\/07\/Mramor-Silit-4.jpg\"><figure class=\"swiper-slide-inner\"><img decoding=\"async\" class=\"swiper-slide-image\" src=\"https:\/\/kamenplehan.hr\/wp-content\/uploads\/elementor\/thumbs\/Mramor-Silit-4-pqrbgk523ucuucjfmxenncbdowbyvhni31mlc2at9c.jpg\" alt=\"Mramor - Silit (4)\" \/><\/figure><\/a><\/div><div class=\"swiper-slide\"><a data-elementor-open-lightbox=\"yes\" data-elementor-lightbox-slideshow=\"4a0301f6\" e-action-hash=\"#elementor-action%3Aaction%3Dlightbox%26settings%3DeyJpZCI6MTQ5MCwidXJsIjoiaHR0cHM6XC9cL2thbWVucGxlaGFuLmhyXC93cC1jb250ZW50XC91cGxvYWRzXC8yMDIxXC8wN1wvTXJhbW9yLVNpbGl0LTUuanBnIiwic2xpZGVzaG93IjoiNGEwMzAxZjYifQ%3D%3D\" href=\"https:\/\/kamenplehan.hr\/wp-content\/uploads\/2021\/07\/Mramor-Silit-5.jpg\"><figure class=\"swiper-slide-inner\"><img decoding=\"async\" class=\"swiper-slide-image\" src=\"https:\/\/kamenplehan.hr\/wp-content\/uploads\/elementor\/thumbs\/Mramor-Silit-5-pqrbgk523ucuucjfmxenncbdowbyvhni31mlc2at9c.jpg\" alt=\"Mramor - Silit (5)\" \/><\/figure><\/a><\/div><div class=\"swiper-slide\"><a data-elementor-open-lightbox=\"yes\" data-elementor-lightbox-slideshow=\"4a0301f6\" e-action-hash=\"#elementor-action%3Aaction%3Dlightbox%26settings%3DeyJpZCI6MTQ5MSwidXJsIjoiaHR0cHM6XC9cL2thbWVucGxlaGFuLmhyXC93cC1jb250ZW50XC91cGxvYWRzXC8yMDIxXC8wN1wvTXJhbW9yLVNpbGl0LTYuanBnIiwic2xpZGVzaG93IjoiNGEwMzAxZjYifQ%3D%3D\" href=\"https:\/\/kamenplehan.hr\/wp-content\/uploads\/2021\/07\/Mramor-Silit-6.jpg\"><figure class=\"swiper-slide-inner\"><img decoding=\"async\" class=\"swiper-slide-image\" src=\"https:\/\/kamenplehan.hr\/wp-content\/uploads\/elementor\/thumbs\/Mramor-Silit-6-pqrbgk523ucuucjfmxenncbdowbyvhni31mlc2at9c.jpg\" alt=\"Mramor - Silit (6)\" \/><\/figure><\/a><\/div><div class=\"swiper-slide\"><a data-elementor-open-lightbox=\"yes\" data-elementor-lightbox-slideshow=\"4a0301f6\" e-action-hash=\"#elementor-action%3Aaction%3Dlightbox%26settings%3DeyJpZCI6MTQ5MywidXJsIjoiaHR0cHM6XC9cL2thbWVucGxlaGFuLmhyXC93cC1jb250ZW50XC91cGxvYWRzXC8yMDIxXC8wN1wvTXJhbW9yLVNpbGl0LTEuanBnIiwic2xpZGVzaG93IjoiNGEwMzAxZjYifQ%3D%3D\" href=\"https:\/\/kamenplehan.hr\/wp-content\/uploads\/2021\/07\/Mramor-Silit-1.jpg\"><figure class=\"swiper-slide-inner\"><img decoding=\"async\" class=\"swiper-slide-image\" src=\"https:\/\/kamenplehan.hr\/wp-content\/uploads\/elementor\/thumbs\/Mramor-Silit-1-pqrbgk523ucuucjfmxenncbdowbyvhni31mlc2at9c.jpg\" alt=\"Mramor - Silit (1)\" \/><\/figure><\/a><\/div>\t\t\t<\/div>\n\t\t\t\t\t\t\t\t\t\t\t\t\t\t\t\t<\/div>\n\t\t\t\t<\/div>\n\t\t\t\t<\/div>\n\t\t\t\t<div class=\"elementor-element elementor-element-aa0df02 elementor-widget elementor-widget-heading\" data-id=\"aa0df02\" data-element_type=\"widget\" data-widget_type=\"heading.default\">\n\t\t\t\t<div class=\"elementor-widget-container\">\n\t\t\t<h5 class=\"elementor-heading-title elementor-size-default\">Marble - Silit<\/h5>\t\t<\/div>\n\t\t\t\t<\/div>\n\t\t\t\t\t<\/div>\n\t\t<\/div>\n\t\t\t\t\t\t\t<\/div>\n\t\t<\/section>\n\t\t\t\t\t\t\t<\/div>","protected":false},"excerpt":{"rendered":"<p>Ure\u0111enje eksterijera Opis Galerija Vanjska oaza svakog doma Slobodno vrijeme naj\u010de\u0161\u0107e volimo provesti u krugu bli\u017enjih na otvorenom, u svom dvori\u0161tu, na terasama i balkonima. Kod nas mo\u017eete urediti i eksterijer Va\u0161eg doma. Kamen se koristi dugi niz godina u oblaganju eksterijera. Odli\u010dno je rje\u0161enje za oblaganje staza, pomo\u0107nih objekata, prostora oko bazena i vanjskih [&hellip;]<\/p>","protected":false},"author":1,"featured_media":1492,"parent":0,"menu_order":0,"comment_status":"closed","ping_status":"closed","template":"","meta":{"footnotes":""},"class_list":["post-1258","page","type-page","status-publish","has-post-thumbnail","hentry"],"_links":{"self":[{"href":"https:\/\/kamenplehan.hr\/en\/wp-json\/wp\/v2\/pages\/1258","targetHints":{"allow":["GET"]}}],"collection":[{"href":"https:\/\/kamenplehan.hr\/en\/wp-json\/wp\/v2\/pages"}],"about":[{"href":"https:\/\/kamenplehan.hr\/en\/wp-json\/wp\/v2\/types\/page"}],"author":[{"embeddable":true,"href":"https:\/\/kamenplehan.hr\/en\/wp-json\/wp\/v2\/users\/1"}],"replies":[{"embeddable":true,"href":"https:\/\/kamenplehan.hr\/en\/wp-json\/wp\/v2\/comments?post=1258"}],"version-history":[{"count":5,"href":"https:\/\/kamenplehan.hr\/en\/wp-json\/wp\/v2\/pages\/1258\/revisions"}],"predecessor-version":[{"id":2384,"href":"https:\/\/kamenplehan.hr\/en\/wp-json\/wp\/v2\/pages\/1258\/revisions\/2384"}],"wp:featuredmedia":[{"embeddable":true,"href":"https:\/\/kamenplehan.hr\/en\/wp-json\/wp\/v2\/media\/1492"}],"wp:attachment":[{"href":"https:\/\/kamenplehan.hr\/en\/wp-json\/wp\/v2\/media?parent=1258"}],"curies":[{"name":"wp","href":"https:\/\/api.w.org\/{rel}","templated":true}]}}