{"id":1587,"date":"2021-08-03T10:51:18","date_gmt":"2021-08-03T10:51:18","guid":{"rendered":"https:\/\/kamenplehan.hr\/?page_id=1587"},"modified":"2021-10-21T13:57:27","modified_gmt":"2021-10-21T11:57:27","slug":"nadgrobni-spomenici","status":"publish","type":"page","link":"https:\/\/kamenplehan.hr\/en\/nadgrobni-spomenici\/","title":{"rendered":"Tombstones"},"content":{"rendered":"<div data-elementor-type=\"wp-page\" data-elementor-id=\"1587\" class=\"elementor elementor-1587\">\n\t\t\t\t\t\t\t\t\t<section class=\"elementor-section elementor-top-section elementor-element elementor-element-7e58dd3e elementor-section-height-min-height elementor-section-boxed elementor-section-height-default elementor-section-items-middle\" data-id=\"7e58dd3e\" data-element_type=\"section\" data-settings=\"{&quot;background_background&quot;:&quot;classic&quot;}\">\n\t\t\t\t\t\t\t<div class=\"elementor-background-overlay\"><\/div>\n\t\t\t\t\t\t\t<div class=\"elementor-container elementor-column-gap-no\">\n\t\t\t\t\t<div class=\"elementor-column elementor-col-100 elementor-top-column elementor-element elementor-element-64392f87\" data-id=\"64392f87\" data-element_type=\"column\">\n\t\t\t<div class=\"elementor-widget-wrap elementor-element-populated\">\n\t\t\t\t\t\t\t\t<div class=\"elementor-element elementor-element-38fb0243 elementor-widget elementor-widget-heading\" data-id=\"38fb0243\" data-element_type=\"widget\" data-widget_type=\"heading.default\">\n\t\t\t\t<div class=\"elementor-widget-container\">\n\t\t\t<h2 class=\"elementor-heading-title elementor-size-default\">Tombstones<\/h2>\t\t<\/div>\n\t\t\t\t<\/div>\n\t\t\t\t<div class=\"elementor-element elementor-element-335a696e elementor-widget__width-auto elementor-mobile-align-justify elementor-widget-mobile__width-initial elementor-widget elementor-widget-button\" data-id=\"335a696e\" data-element_type=\"widget\" data-widget_type=\"button.default\">\n\t\t\t\t<div class=\"elementor-widget-container\">\n\t\t\t\t\t<div class=\"elementor-button-wrapper\">\n\t\t\t<a href=\"#spomenici-link\" class=\"elementor-button-link elementor-button elementor-size-md elementor-animation-grow\" role=\"button\">\n\t\t\t\t\t\t<span class=\"elementor-button-content-wrapper\">\n\t\t\t\t\t\t<span class=\"elementor-button-text\">Description<\/span>\n\t\t<\/span>\n\t\t\t\t\t<\/a>\n\t\t<\/div>\n\t\t\t\t<\/div>\n\t\t\t\t<\/div>\n\t\t\t\t<div class=\"elementor-element elementor-element-7bd08fb elementor-widget__width-auto elementor-mobile-align-justify elementor-widget-mobile__width-initial elementor-widget elementor-widget-button\" data-id=\"7bd08fb\" data-element_type=\"widget\" data-widget_type=\"button.default\">\n\t\t\t\t<div class=\"elementor-widget-container\">\n\t\t\t\t\t<div class=\"elementor-button-wrapper\">\n\t\t\t<a href=\"#spomenici-galerija\" class=\"elementor-button-link elementor-button elementor-size-md elementor-animation-grow\" role=\"button\">\n\t\t\t\t\t\t<span class=\"elementor-button-content-wrapper\">\n\t\t\t\t\t\t<span class=\"elementor-button-text\">Gallery<\/span>\n\t\t<\/span>\n\t\t\t\t\t<\/a>\n\t\t<\/div>\n\t\t\t\t<\/div>\n\t\t\t\t<\/div>\n\t\t\t\t\t<\/div>\n\t\t<\/div>\n\t\t\t\t\t\t\t<\/div>\n\t\t<\/section>\n\t\t\t\t<section class=\"elementor-section elementor-top-section elementor-element elementor-element-3c389080 elementor-section-boxed elementor-section-height-default elementor-section-height-default\" data-id=\"3c389080\" data-element_type=\"section\">\n\t\t\t\t\t\t<div class=\"elementor-container elementor-column-gap-default\">\n\t\t\t\t\t<div class=\"elementor-column elementor-col-100 elementor-top-column elementor-element elementor-element-15345d3a\" data-id=\"15345d3a\" data-element_type=\"column\">\n\t\t\t<div class=\"elementor-widget-wrap elementor-element-populated\">\n\t\t\t\t\t\t\t\t<div class=\"elementor-element elementor-element-717e68a4 elementor-widget elementor-widget-heading\" data-id=\"717e68a4\" data-element_type=\"widget\" id=\"spomenici-link\" data-widget_type=\"heading.default\">\n\t\t\t\t<div class=\"elementor-widget-container\">\n\t\t\t<h2 class=\"elementor-heading-title elementor-size-default\">TOMBSTONES<\/h2>\t\t<\/div>\n\t\t\t\t<\/div>\n\t\t\t\t<div class=\"elementor-element elementor-element-421b7ff3 elementor-widget elementor-widget-text-editor\" data-id=\"421b7ff3\" data-element_type=\"widget\" data-widget_type=\"text-editor.default\">\n\t\t\t\t<div class=\"elementor-widget-container\">\n\t\t\t\t\t\t\t<p><span style=\"font-weight: 400;\">We make tombstones and tombs according to your ideas from different types of materials, mostly granite. Also, we print letters and ornaments in stone without restrictions by the technique of sandblasting and we offer all the accompanying equipment of the gravesite. We also offer several types of finished tombstones and tombs made of solid stone.\u00a0<\/span><\/p><p><span style=\"font-weight: 400;\">Natural granite is a material that resists external influences and the ravages of time and is very easy to maintain. Due to their characteristics and exceptional longevity, granite and other types of natural stone have been used for a long to make tombstones and tombs.<\/span><\/p>\t\t\t\t\t\t<\/div>\n\t\t\t\t<\/div>\n\t\t\t\t<div class=\"elementor-element elementor-element-1d68abd5 elementor-widget elementor-widget-heading\" data-id=\"1d68abd5\" data-element_type=\"widget\" id=\"spomenici-galerija\" data-widget_type=\"heading.default\">\n\t\t\t\t<div class=\"elementor-widget-container\">\n\t\t\t<h2 class=\"elementor-heading-title elementor-size-default\">Gallery<\/h2>\t\t<\/div>\n\t\t\t\t<\/div>\n\t\t\t\t\t<\/div>\n\t\t<\/div>\n\t\t\t\t\t\t\t<\/div>\n\t\t<\/section>\n\t\t\t\t<section class=\"elementor-section elementor-top-section elementor-element elementor-element-4e33739c elementor-section-boxed elementor-section-height-default elementor-section-height-default\" data-id=\"4e33739c\" data-element_type=\"section\">\n\t\t\t\t\t\t<div class=\"elementor-container elementor-column-gap-default\">\n\t\t\t\t\t<div class=\"elementor-column elementor-col-33 elementor-top-column elementor-element elementor-element-5377e69a\" data-id=\"5377e69a\" data-element_type=\"column\">\n\t\t\t<div class=\"elementor-widget-wrap elementor-element-populated\">\n\t\t\t\t\t\t\t\t<div class=\"elementor-element elementor-element-1db921a3 galerija-proizvoda elementor-widget elementor-widget-image-carousel\" data-id=\"1db921a3\" data-element_type=\"widget\" data-settings=\"{&quot;slides_to_show&quot;:&quot;1&quot;,&quot;navigation&quot;:&quot;none&quot;,&quot;autoplay&quot;:&quot;no&quot;,&quot;infinite&quot;:&quot;no&quot;,&quot;effect&quot;:&quot;slide&quot;,&quot;speed&quot;:500}\" data-widget_type=\"image-carousel.default\">\n\t\t\t\t<div class=\"elementor-widget-container\">\n\t\t\t\t\t<div class=\"elementor-image-carousel-wrapper swiper-container\" dir=\"ltr\">\n\t\t\t<div class=\"elementor-image-carousel swiper-wrapper\">\n\t\t\t\t\t\t\t\t<div class=\"swiper-slide\"><a data-elementor-open-lightbox=\"yes\" data-elementor-lightbox-slideshow=\"1db921a3\" e-action-hash=\"#elementor-action%3Aaction%3Dlightbox%26settings%3DeyJpZCI6MTYwNCwidXJsIjoiaHR0cHM6XC9cL2thbWVucGxlaGFuLmhyXC93cC1jb250ZW50XC91cGxvYWRzXC8yMDIxXC8wOFwvUGVya292aWMyLXNjYWxlZC5qcGciLCJzbGlkZXNob3ciOiIxZGI5MjFhMyJ9\" href=\"https:\/\/kamenplehan.hr\/wp-content\/uploads\/2021\/08\/Perkovic2-scaled.jpg\"><figure class=\"swiper-slide-inner\"><img decoding=\"async\" class=\"swiper-slide-image\" src=\"https:\/\/kamenplehan.hr\/wp-content\/uploads\/elementor\/thumbs\/Perkovic2-scaled-pqrbgps38ukks0b8pzuf2aw597k65o9w3tji7q2g80.jpg\" alt=\"Perkovic2\" \/><\/figure><\/a><\/div><div class=\"swiper-slide\"><a data-elementor-open-lightbox=\"yes\" data-elementor-lightbox-slideshow=\"1db921a3\" e-action-hash=\"#elementor-action%3Aaction%3Dlightbox%26settings%3DeyJpZCI6MTYwMywidXJsIjoiaHR0cHM6XC9cL2thbWVucGxlaGFuLmhyXC93cC1jb250ZW50XC91cGxvYWRzXC8yMDIxXC8wOFwvUGVya292aWMzLXNjYWxlZC5qcGciLCJzbGlkZXNob3ciOiIxZGI5MjFhMyJ9\" href=\"https:\/\/kamenplehan.hr\/wp-content\/uploads\/2021\/08\/Perkovic3-scaled.jpg\"><figure class=\"swiper-slide-inner\"><img decoding=\"async\" class=\"swiper-slide-image\" src=\"https:\/\/kamenplehan.hr\/wp-content\/uploads\/elementor\/thumbs\/Perkovic3-scaled-pqrbgqpxfolv3m9vki91msnlulfjdddmfy6zp0121s.jpg\" alt=\"Perkovic3\" \/><\/figure><\/a><\/div><div class=\"swiper-slide\"><a data-elementor-open-lightbox=\"yes\" data-elementor-lightbox-slideshow=\"1db921a3\" e-action-hash=\"#elementor-action%3Aaction%3Dlightbox%26settings%3DeyJpZCI6MTYwMCwidXJsIjoiaHR0cHM6XC9cL2thbWVucGxlaGFuLmhyXC93cC1jb250ZW50XC91cGxvYWRzXC8yMDIxXC8wOFwvUGVya292aWM2LXNjYWxlZC5qcGciLCJzbGlkZXNob3ciOiIxZGI5MjFhMyJ9\" href=\"https:\/\/kamenplehan.hr\/wp-content\/uploads\/2021\/08\/Perkovic6-scaled.jpg\"><figure class=\"swiper-slide-inner\"><img decoding=\"async\" class=\"swiper-slide-image\" src=\"https:\/\/kamenplehan.hr\/wp-content\/uploads\/elementor\/thumbs\/Perkovic6-scaled-pqrbgqpxfolv3m9vki91msnlulfjdddmfy6zp0121s.jpg\" alt=\"Perkovic6\" \/><\/figure><\/a><\/div><div class=\"swiper-slide\"><a data-elementor-open-lightbox=\"yes\" data-elementor-lightbox-slideshow=\"1db921a3\" e-action-hash=\"#elementor-action%3Aaction%3Dlightbox%26settings%3DeyJpZCI6MTYwMSwidXJsIjoiaHR0cHM6XC9cL2thbWVucGxlaGFuLmhyXC93cC1jb250ZW50XC91cGxvYWRzXC8yMDIxXC8wOFwvUGVya292aWM1LXNjYWxlZC5qcGciLCJzbGlkZXNob3ciOiIxZGI5MjFhMyJ9\" href=\"https:\/\/kamenplehan.hr\/wp-content\/uploads\/2021\/08\/Perkovic5-scaled.jpg\"><figure class=\"swiper-slide-inner\"><img decoding=\"async\" class=\"swiper-slide-image\" src=\"https:\/\/kamenplehan.hr\/wp-content\/uploads\/elementor\/thumbs\/Perkovic5-scaled-pqrbgqpxfolv3m9vki91msnlulfjdddmfy6zp0121s.jpg\" alt=\"Perkovic5\" \/><\/figure><\/a><\/div><div class=\"swiper-slide\"><a data-elementor-open-lightbox=\"yes\" data-elementor-lightbox-slideshow=\"1db921a3\" e-action-hash=\"#elementor-action%3Aaction%3Dlightbox%26settings%3DeyJpZCI6MTYwMiwidXJsIjoiaHR0cHM6XC9cL2thbWVucGxlaGFuLmhyXC93cC1jb250ZW50XC91cGxvYWRzXC8yMDIxXC8wOFwvUGVya292aWM0LXNjYWxlZC5qcGciLCJzbGlkZXNob3ciOiIxZGI5MjFhMyJ9\" href=\"https:\/\/kamenplehan.hr\/wp-content\/uploads\/2021\/08\/Perkovic4-scaled.jpg\"><figure class=\"swiper-slide-inner\"><img decoding=\"async\" class=\"swiper-slide-image\" src=\"https:\/\/kamenplehan.hr\/wp-content\/uploads\/elementor\/thumbs\/Perkovic4-scaled-pqrbgqpxfolv3m9vki91msnlulfjdddmfy6zp0121s.jpg\" alt=\"Perkovic4\" \/><\/figure><\/a><\/div><div class=\"swiper-slide\"><a data-elementor-open-lightbox=\"yes\" data-elementor-lightbox-slideshow=\"1db921a3\" e-action-hash=\"#elementor-action%3Aaction%3Dlightbox%26settings%3DeyJpZCI6MTYwNSwidXJsIjoiaHR0cHM6XC9cL2thbWVucGxlaGFuLmhyXC93cC1jb250ZW50XC91cGxvYWRzXC8yMDIxXC8wOFwvUGVya292aWMxLXNjYWxlZC5qcGciLCJzbGlkZXNob3ciOiIxZGI5MjFhMyJ9\" href=\"https:\/\/kamenplehan.hr\/wp-content\/uploads\/2021\/08\/Perkovic1-scaled.jpg\"><figure class=\"swiper-slide-inner\"><img decoding=\"async\" class=\"swiper-slide-image\" src=\"https:\/\/kamenplehan.hr\/wp-content\/uploads\/elementor\/thumbs\/Perkovic1-scaled-pqrbgps38ukks0b8pzuf2aw597k65o9w3tji7q2g80.jpg\" alt=\"Perkovic1\" \/><\/figure><\/a><\/div>\t\t\t<\/div>\n\t\t\t\t\t\t\t\t\t\t\t\t\t\t\t\t<\/div>\n\t\t\t\t<\/div>\n\t\t\t\t<\/div>\n\t\t\t\t<div class=\"elementor-element elementor-element-2629a042 elementor-widget elementor-widget-heading\" data-id=\"2629a042\" data-element_type=\"widget\" data-widget_type=\"heading.default\">\n\t\t\t\t<div class=\"elementor-widget-container\">\n\t\t\t<h5 class=\"elementor-heading-title elementor-size-medium\">Granite - Nero Assoluto<\/h5>\t\t<\/div>\n\t\t\t\t<\/div>\n\t\t\t\t<div class=\"elementor-element elementor-element-40292f46 galerija-proizvoda elementor-widget elementor-widget-image-carousel\" data-id=\"40292f46\" data-element_type=\"widget\" data-settings=\"{&quot;slides_to_show&quot;:&quot;1&quot;,&quot;navigation&quot;:&quot;none&quot;,&quot;autoplay&quot;:&quot;no&quot;,&quot;infinite&quot;:&quot;no&quot;,&quot;effect&quot;:&quot;slide&quot;,&quot;speed&quot;:500}\" data-widget_type=\"image-carousel.default\">\n\t\t\t\t<div class=\"elementor-widget-container\">\n\t\t\t\t\t<div class=\"elementor-image-carousel-wrapper swiper-container\" dir=\"ltr\">\n\t\t\t<div class=\"elementor-image-carousel swiper-wrapper\">\n\t\t\t\t\t\t\t\t<div class=\"swiper-slide\"><a data-elementor-open-lightbox=\"yes\" data-elementor-lightbox-slideshow=\"40292f46\" e-action-hash=\"#elementor-action%3Aaction%3Dlightbox%26settings%3DeyJpZCI6MTU5NSwidXJsIjoiaHR0cHM6XC9cL2thbWVucGxlaGFuLmhyXC93cC1jb250ZW50XC91cGxvYWRzXC8yMDIxXC8wOFwvc3BvbWVuaWtfMS1zY2FsZWQuanBnIiwic2xpZGVzaG93IjoiNDAyOTJmNDYifQ%3D%3D\" href=\"https:\/\/kamenplehan.hr\/wp-content\/uploads\/2021\/08\/spomenik_1-scaled.jpg\"><figure class=\"swiper-slide-inner\"><img decoding=\"async\" class=\"swiper-slide-image\" src=\"https:\/\/kamenplehan.hr\/wp-content\/uploads\/elementor\/thumbs\/spomenik_1-scaled-pqrbgqpxfolv3m9vki91msnlulfjdddmfy6zp0121s.jpg\" alt=\"spomenik_1\" \/><\/figure><\/a><\/div>\t\t\t<\/div>\n\t\t\t\t\t<\/div>\n\t\t\t\t<\/div>\n\t\t\t\t<\/div>\n\t\t\t\t<div class=\"elementor-element elementor-element-24ab8b4b elementor-widget elementor-widget-heading\" data-id=\"24ab8b4b\" data-element_type=\"widget\" data-widget_type=\"heading.default\">\n\t\t\t\t<div class=\"elementor-widget-container\">\n\t\t\t<h5 class=\"elementor-heading-title elementor-size-default\">Granite - Nero Assoluto<\/h5>\t\t<\/div>\n\t\t\t\t<\/div>\n\t\t\t\t\t<\/div>\n\t\t<\/div>\n\t\t\t\t<div class=\"elementor-column elementor-col-33 elementor-top-column elementor-element elementor-element-280a5ffa\" data-id=\"280a5ffa\" data-element_type=\"column\">\n\t\t\t<div class=\"elementor-widget-wrap elementor-element-populated\">\n\t\t\t\t\t\t\t\t<div class=\"elementor-element elementor-element-5598888b galerija-proizvoda elementor-widget elementor-widget-image-carousel\" data-id=\"5598888b\" data-element_type=\"widget\" data-settings=\"{&quot;slides_to_show&quot;:&quot;1&quot;,&quot;navigation&quot;:&quot;none&quot;,&quot;autoplay&quot;:&quot;no&quot;,&quot;infinite&quot;:&quot;no&quot;,&quot;effect&quot;:&quot;slide&quot;,&quot;speed&quot;:500}\" data-widget_type=\"image-carousel.default\">\n\t\t\t\t<div class=\"elementor-widget-container\">\n\t\t\t\t\t<div class=\"elementor-image-carousel-wrapper swiper-container\" dir=\"ltr\">\n\t\t\t<div class=\"elementor-image-carousel swiper-wrapper\">\n\t\t\t\t\t\t\t\t<div class=\"swiper-slide\"><a data-elementor-open-lightbox=\"yes\" data-elementor-lightbox-slideshow=\"5598888b\" e-action-hash=\"#elementor-action%3Aaction%3Dlightbox%26settings%3DeyJpZCI6MTYwNiwidXJsIjoiaHR0cHM6XC9cL2thbWVucGxlaGFuLmhyXC93cC1jb250ZW50XC91cGxvYWRzXC8yMDIxXC8wOFwvU2ltdW5vdmljLURlbmlzLTItc2NhbGVkLmpwZyIsInNsaWRlc2hvdyI6IjU1OTg4ODhiIn0%3D\" href=\"https:\/\/kamenplehan.hr\/wp-content\/uploads\/2021\/08\/Simunovic-Denis-2-scaled.jpg\"><figure class=\"swiper-slide-inner\"><img decoding=\"async\" class=\"swiper-slide-image\" src=\"https:\/\/kamenplehan.hr\/wp-content\/uploads\/elementor\/thumbs\/Simunovic-Denis-2-scaled-pqrbgqpxfolv3m9vki91msnlulfjdddmfy6zp0121s.jpg\" alt=\"\u0160imunovi\u0107 Denis 2\" \/><\/figure><\/a><\/div><div class=\"swiper-slide\"><a data-elementor-open-lightbox=\"yes\" data-elementor-lightbox-slideshow=\"5598888b\" e-action-hash=\"#elementor-action%3Aaction%3Dlightbox%26settings%3DeyJpZCI6MTYwNywidXJsIjoiaHR0cHM6XC9cL2thbWVucGxlaGFuLmhyXC93cC1jb250ZW50XC91cGxvYWRzXC8yMDIxXC8wOFwvU2ltdW5vdmljLURlbmlzLTEtc2NhbGVkLmpwZyIsInNsaWRlc2hvdyI6IjU1OTg4ODhiIn0%3D\" href=\"https:\/\/kamenplehan.hr\/wp-content\/uploads\/2021\/08\/Simunovic-Denis-1-scaled.jpg\"><figure class=\"swiper-slide-inner\"><img decoding=\"async\" class=\"swiper-slide-image\" src=\"https:\/\/kamenplehan.hr\/wp-content\/uploads\/elementor\/thumbs\/Simunovic-Denis-1-scaled-pqrbgqpxfolv3m9vki91msnlulfjdddmfy6zp0121s.jpg\" alt=\"\u0160imunovi\u0107 Denis 1\" \/><\/figure><\/a><\/div>\t\t\t<\/div>\n\t\t\t\t\t\t\t\t\t\t\t\t\t\t\t\t<\/div>\n\t\t\t\t<\/div>\n\t\t\t\t<\/div>\n\t\t\t\t<div class=\"elementor-element elementor-element-5f260a92 elementor-widget elementor-widget-heading\" data-id=\"5f260a92\" data-element_type=\"widget\" data-widget_type=\"heading.default\">\n\t\t\t\t<div class=\"elementor-widget-container\">\n\t\t\t<h5 class=\"elementor-heading-title elementor-size-default\">Granite - Vizag Blue<\/h5>\t\t<\/div>\n\t\t\t\t<\/div>\n\t\t\t\t<div class=\"elementor-element elementor-element-5ef0418 galerija-proizvoda elementor-widget elementor-widget-image-carousel\" data-id=\"5ef0418\" data-element_type=\"widget\" data-settings=\"{&quot;slides_to_show&quot;:&quot;1&quot;,&quot;navigation&quot;:&quot;none&quot;,&quot;autoplay&quot;:&quot;no&quot;,&quot;infinite&quot;:&quot;no&quot;,&quot;effect&quot;:&quot;slide&quot;,&quot;speed&quot;:500}\" data-widget_type=\"image-carousel.default\">\n\t\t\t\t<div class=\"elementor-widget-container\">\n\t\t\t\t\t<div class=\"elementor-image-carousel-wrapper swiper-container\" dir=\"ltr\">\n\t\t\t<div class=\"elementor-image-carousel swiper-wrapper\">\n\t\t\t\t\t\t\t\t<div class=\"swiper-slide\"><a data-elementor-open-lightbox=\"yes\" data-elementor-lightbox-slideshow=\"5ef0418\" e-action-hash=\"#elementor-action%3Aaction%3Dlightbox%26settings%3DeyJpZCI6MTU5OCwidXJsIjoiaHR0cHM6XC9cL2thbWVucGxlaGFuLmhyXC93cC1jb250ZW50XC91cGxvYWRzXC8yMDIxXC8wOFwvc3BvbWVuaWtfMi5qcGciLCJzbGlkZXNob3ciOiI1ZWYwNDE4In0%3D\" href=\"https:\/\/kamenplehan.hr\/wp-content\/uploads\/2021\/08\/spomenik_2.jpg\"><figure class=\"swiper-slide-inner\"><img decoding=\"async\" class=\"swiper-slide-image\" src=\"https:\/\/kamenplehan.hr\/wp-content\/uploads\/elementor\/thumbs\/spomenik_2-pqrbgqpxfolv3m9vki91msnlulfjdddmfy6zp0121s.jpg\" alt=\"spomenik_2\" \/><\/figure><\/a><\/div>\t\t\t<\/div>\n\t\t\t\t\t<\/div>\n\t\t\t\t<\/div>\n\t\t\t\t<\/div>\n\t\t\t\t<div class=\"elementor-element elementor-element-cf24090 elementor-widget elementor-widget-heading\" data-id=\"cf24090\" data-element_type=\"widget\" data-widget_type=\"heading.default\">\n\t\t\t\t<div class=\"elementor-widget-container\">\n\t\t\t<h5 class=\"elementor-heading-title elementor-size-default\">Granite - Nero Assoluto<\/h5>\t\t<\/div>\n\t\t\t\t<\/div>\n\t\t\t\t\t<\/div>\n\t\t<\/div>\n\t\t\t\t<div class=\"elementor-column elementor-col-33 elementor-top-column elementor-element elementor-element-120760ae\" data-id=\"120760ae\" data-element_type=\"column\">\n\t\t\t<div class=\"elementor-widget-wrap elementor-element-populated\">\n\t\t\t\t\t\t\t\t<div class=\"elementor-element elementor-element-170216de galerija-proizvoda elementor-widget elementor-widget-image-carousel\" data-id=\"170216de\" data-element_type=\"widget\" data-settings=\"{&quot;slides_to_show&quot;:&quot;1&quot;,&quot;navigation&quot;:&quot;none&quot;,&quot;autoplay&quot;:&quot;no&quot;,&quot;infinite&quot;:&quot;no&quot;,&quot;effect&quot;:&quot;slide&quot;,&quot;speed&quot;:500}\" data-widget_type=\"image-carousel.default\">\n\t\t\t\t<div class=\"elementor-widget-container\">\n\t\t\t\t\t<div class=\"elementor-image-carousel-wrapper swiper-container\" dir=\"ltr\">\n\t\t\t<div class=\"elementor-image-carousel swiper-wrapper\">\n\t\t\t\t\t\t\t\t<div class=\"swiper-slide\"><a data-elementor-open-lightbox=\"yes\" data-elementor-lightbox-slideshow=\"170216de\" e-action-hash=\"#elementor-action%3Aaction%3Dlightbox%26settings%3DeyJpZCI6MTYxMSwidXJsIjoiaHR0cHM6XC9cL2thbWVucGxlaGFuLmhyXC93cC1jb250ZW50XC91cGxvYWRzXC8yMDIxXC8wOFwvU3RhbmNpYzEtbWluLXNjYWxlZC5qcGciLCJzbGlkZXNob3ciOiIxNzAyMTZkZSJ9\" href=\"https:\/\/kamenplehan.hr\/wp-content\/uploads\/2021\/08\/Stancic1-min-scaled.jpg\"><figure class=\"swiper-slide-inner\"><img decoding=\"async\" class=\"swiper-slide-image\" src=\"https:\/\/kamenplehan.hr\/wp-content\/uploads\/elementor\/thumbs\/Stancic1-min-scaled-pqrbgqpxfolv3m9vki91msnlulfjdddmfy6zp0121s.jpg\" alt=\"Stancic1-min\" \/><\/figure><\/a><\/div><div class=\"swiper-slide\"><a data-elementor-open-lightbox=\"yes\" data-elementor-lightbox-slideshow=\"170216de\" e-action-hash=\"#elementor-action%3Aaction%3Dlightbox%26settings%3DeyJpZCI6MTYwOCwidXJsIjoiaHR0cHM6XC9cL2thbWVucGxlaGFuLmhyXC93cC1jb250ZW50XC91cGxvYWRzXC8yMDIxXC8wOFwvU3RhbmNpYzQtbWluLXNjYWxlZC5qcGciLCJzbGlkZXNob3ciOiIxNzAyMTZkZSJ9\" href=\"https:\/\/kamenplehan.hr\/wp-content\/uploads\/2021\/08\/Stancic4-min-scaled.jpg\"><figure class=\"swiper-slide-inner\"><img decoding=\"async\" class=\"swiper-slide-image\" src=\"https:\/\/kamenplehan.hr\/wp-content\/uploads\/elementor\/thumbs\/Stancic4-min-scaled-pqrbgqpxfolv3m9vki91msnlulfjdddmfy6zp0121s.jpg\" alt=\"Stancic4-min\" \/><\/figure><\/a><\/div><div class=\"swiper-slide\"><a data-elementor-open-lightbox=\"yes\" data-elementor-lightbox-slideshow=\"170216de\" e-action-hash=\"#elementor-action%3Aaction%3Dlightbox%26settings%3DeyJpZCI6MTYwOSwidXJsIjoiaHR0cHM6XC9cL2thbWVucGxlaGFuLmhyXC93cC1jb250ZW50XC91cGxvYWRzXC8yMDIxXC8wOFwvU3RhbmNpYzMtbWluLXNjYWxlZC5qcGciLCJzbGlkZXNob3ciOiIxNzAyMTZkZSJ9\" href=\"https:\/\/kamenplehan.hr\/wp-content\/uploads\/2021\/08\/Stancic3-min-scaled.jpg\"><figure class=\"swiper-slide-inner\"><img decoding=\"async\" class=\"swiper-slide-image\" src=\"https:\/\/kamenplehan.hr\/wp-content\/uploads\/elementor\/thumbs\/Stancic3-min-scaled-pqrbgqpxfolv3m9vki91msnlulfjdddmfy6zp0121s.jpg\" alt=\"Stancic3-min\" \/><\/figure><\/a><\/div><div class=\"swiper-slide\"><a data-elementor-open-lightbox=\"yes\" data-elementor-lightbox-slideshow=\"170216de\" e-action-hash=\"#elementor-action%3Aaction%3Dlightbox%26settings%3DeyJpZCI6MTYxMCwidXJsIjoiaHR0cHM6XC9cL2thbWVucGxlaGFuLmhyXC93cC1jb250ZW50XC91cGxvYWRzXC8yMDIxXC8wOFwvU3RhbmNpYzItbWluLXNjYWxlZC5qcGciLCJzbGlkZXNob3ciOiIxNzAyMTZkZSJ9\" href=\"https:\/\/kamenplehan.hr\/wp-content\/uploads\/2021\/08\/Stancic2-min-scaled.jpg\"><figure class=\"swiper-slide-inner\"><img decoding=\"async\" class=\"swiper-slide-image\" src=\"https:\/\/kamenplehan.hr\/wp-content\/uploads\/elementor\/thumbs\/Stancic2-min-scaled-pqrbgqpxfolv3m9vki91msnlulfjdddmfy6zp0121s.jpg\" alt=\"Stancic2-min\" \/><\/figure><\/a><\/div>\t\t\t<\/div>\n\t\t\t\t\t\t\t\t\t\t\t\t\t\t\t\t<\/div>\n\t\t\t\t<\/div>\n\t\t\t\t<\/div>\n\t\t\t\t<div class=\"elementor-element elementor-element-c5b90e elementor-widget elementor-widget-heading\" data-id=\"c5b90e\" data-element_type=\"widget\" data-widget_type=\"heading.default\">\n\t\t\t\t<div class=\"elementor-widget-container\">\n\t\t\t<h5 class=\"elementor-heading-title elementor-size-default\">Granite - Nero Impala<\/h5>\t\t<\/div>\n\t\t\t\t<\/div>\n\t\t\t\t<div class=\"elementor-element elementor-element-5484530 galerija-proizvoda elementor-widget elementor-widget-image-carousel\" data-id=\"5484530\" data-element_type=\"widget\" data-settings=\"{&quot;slides_to_show&quot;:&quot;1&quot;,&quot;navigation&quot;:&quot;none&quot;,&quot;autoplay&quot;:&quot;no&quot;,&quot;infinite&quot;:&quot;no&quot;,&quot;effect&quot;:&quot;slide&quot;,&quot;speed&quot;:500}\" data-widget_type=\"image-carousel.default\">\n\t\t\t\t<div class=\"elementor-widget-container\">\n\t\t\t\t\t<div class=\"elementor-image-carousel-wrapper swiper-container\" dir=\"ltr\">\n\t\t\t<div class=\"elementor-image-carousel swiper-wrapper\">\n\t\t\t\t\t\t\t\t<div class=\"swiper-slide\"><a data-elementor-open-lightbox=\"yes\" data-elementor-lightbox-slideshow=\"5484530\" e-action-hash=\"#elementor-action%3Aaction%3Dlightbox%26settings%3DeyJpZCI6MTU5NywidXJsIjoiaHR0cHM6XC9cL2thbWVucGxlaGFuLmhyXC93cC1jb250ZW50XC91cGxvYWRzXC8yMDIxXC8wOFwvc3BvbWVuaWtfMy5qcGciLCJzbGlkZXNob3ciOiI1NDg0NTMwIn0%3D\" href=\"https:\/\/kamenplehan.hr\/wp-content\/uploads\/2021\/08\/spomenik_3.jpg\"><figure class=\"swiper-slide-inner\"><img decoding=\"async\" class=\"swiper-slide-image\" src=\"https:\/\/kamenplehan.hr\/wp-content\/uploads\/elementor\/thumbs\/spomenik_3-pqrbgrnrmin5f88if0no7af2fzawl2hcs2uh69znvk.jpg\" alt=\"spomenik_3\" \/><\/figure><\/a><\/div>\t\t\t<\/div>\n\t\t\t\t\t<\/div>\n\t\t\t\t<\/div>\n\t\t\t\t<\/div>\n\t\t\t\t<div class=\"elementor-element elementor-element-97a0736 elementor-widget elementor-widget-heading\" data-id=\"97a0736\" data-element_type=\"widget\" data-widget_type=\"heading.default\">\n\t\t\t\t<div class=\"elementor-widget-container\">\n\t\t\t<h5 class=\"elementor-heading-title elementor-size-default\">Granite - Nero Assoluto<\/h5>\t\t<\/div>\n\t\t\t\t<\/div>\n\t\t\t\t\t<\/div>\n\t\t<\/div>\n\t\t\t\t\t\t\t<\/div>\n\t\t<\/section>\n\t\t\t\t\t\t\t<\/div>","protected":false},"excerpt":{"rendered":"<p>Nadgrobni spomenici Opis Galerija NADGROBNI SPOMENICi Izra\u0111ujemo nadgrobne spomenike i grobnice prema Va\u0161im zamislima iz razli\u010ditih vrsta materijala, ve\u0107inom granita. Tako\u0111er, ispisujemo slova i ornamente u kamen bez ograni\u010denja tehnikom pjeskarenja te nudimo svu popratnu opremu grobnog mjesta. U ponudi imamo i vi\u0161e vrsta gotovih nadgrobnih spomenika i grobnica od masivnog kamena.\u00a0 Prirodni granit je [&hellip;]<\/p>","protected":false},"author":1,"featured_media":1595,"parent":0,"menu_order":0,"comment_status":"closed","ping_status":"closed","template":"","meta":{"footnotes":""},"class_list":["post-1587","page","type-page","status-publish","has-post-thumbnail","hentry"],"_links":{"self":[{"href":"https:\/\/kamenplehan.hr\/en\/wp-json\/wp\/v2\/pages\/1587","targetHints":{"allow":["GET"]}}],"collection":[{"href":"https:\/\/kamenplehan.hr\/en\/wp-json\/wp\/v2\/pages"}],"about":[{"href":"https:\/\/kamenplehan.hr\/en\/wp-json\/wp\/v2\/types\/page"}],"author":[{"embeddable":true,"href":"https:\/\/kamenplehan.hr\/en\/wp-json\/wp\/v2\/users\/1"}],"replies":[{"embeddable":true,"href":"https:\/\/kamenplehan.hr\/en\/wp-json\/wp\/v2\/comments?post=1587"}],"version-history":[{"count":5,"href":"https:\/\/kamenplehan.hr\/en\/wp-json\/wp\/v2\/pages\/1587\/revisions"}],"predecessor-version":[{"id":2387,"href":"https:\/\/kamenplehan.hr\/en\/wp-json\/wp\/v2\/pages\/1587\/revisions\/2387"}],"wp:featuredmedia":[{"embeddable":true,"href":"https:\/\/kamenplehan.hr\/en\/wp-json\/wp\/v2\/media\/1595"}],"wp:attachment":[{"href":"https:\/\/kamenplehan.hr\/en\/wp-json\/wp\/v2\/media?parent=1587"}],"curies":[{"name":"wp","href":"https:\/\/api.w.org\/{rel}","templated":true}]}}