{"id":748,"date":"2021-07-07T10:13:59","date_gmt":"2021-07-07T10:13:59","guid":{"rendered":"http:\/\/kamen-plehan.local\/?page_id=748"},"modified":"2021-09-03T08:55:01","modified_gmt":"2021-09-03T08:55:01","slug":"cookie-policy","status":"publish","type":"page","link":"https:\/\/kamenplehan.hr\/en\/cookie-policy\/","title":{"rendered":"Cookie policy"},"content":{"rendered":"<div data-elementor-type=\"wp-page\" data-elementor-id=\"748\" class=\"elementor elementor-748\">\n\t\t\t\t\t\t\t\t\t<section class=\"elementor-section elementor-top-section elementor-element elementor-element-23cf466 elementor-section-boxed elementor-section-height-default elementor-section-height-default\" data-id=\"23cf466\" data-element_type=\"section\">\n\t\t\t\t\t\t<div class=\"elementor-container elementor-column-gap-default\">\n\t\t\t\t\t<div class=\"elementor-column elementor-col-100 elementor-top-column elementor-element elementor-element-c0e74cb\" data-id=\"c0e74cb\" data-element_type=\"column\">\n\t\t\t<div class=\"elementor-widget-wrap elementor-element-populated\">\n\t\t\t\t\t\t\t\t<div class=\"elementor-element elementor-element-77fcf92 elementor-widget elementor-widget-heading\" data-id=\"77fcf92\" data-element_type=\"widget\" data-widget_type=\"heading.default\">\n\t\t\t\t<div class=\"elementor-widget-container\">\n\t\t\t<h1 class=\"elementor-heading-title elementor-size-default\">Cookie policy<\/h1>\t\t<\/div>\n\t\t\t\t<\/div>\n\t\t\t\t<div class=\"elementor-element elementor-element-1388bd4 elementor-widget elementor-widget-text-editor\" data-id=\"1388bd4\" data-element_type=\"widget\" data-widget_type=\"text-editor.default\">\n\t\t\t\t<div class=\"elementor-widget-container\">\n\t\t\t\t\t\t\t<p>The website www.kamenplehan.hr uses the so-called cookies to provide the user with a free service with full functionality and the highest quality content. Cookies are a set of data generated by a web server and stored by a web browser on a user's disk in the form of a small text file with specific user data (eg IP address from which the website is accessed, connection time, etc.).<\/p><p>\u00a0<\/p><h4><b>TYPES OF COOKIES<\/b><\/h4><p>The website www.kamenplehan.hr uses the following cookies:<\/p><ul><li>Temporary cookies (Session cookies) - are placed on the computer of the user of the website www.kamenplehan.hr only during the duration of his visit to this website, thus enabling the user to use the website www.kamenplehan.hr more efficiently and automatically deleted when the browser is closed.<\/li><li>Persistent cookies - these are cookies that will remain \"recorded\" in your internet browser until they expire, or you delete them manually. The information collected is anonymous and does not include your personal information.<\/li><\/ul><div>\u00a0<\/div><h4><b>WHY WOULD I ALLOW THE USE OF COOKIES?<\/b><\/h4><p>Kamen Plehan uses cookies:<\/p><ul><li>to provide a better user experience;<\/li><li>to monitor and analyze the use and traffic of our websites;<\/li><li>for the correct operation of the pages (in cases when it is necessary).<\/li><\/ul><div>\u00a0<\/div><p class=\" translation-block\">Detailed information about cookies used by each website is provided to the user immediately upon the first visit to the website. Based on this information, the User gives or denies his consent to the use of cookies when visiting the website. The user of the website www.kamenplehan.hr can always independently regulate the receipt of cookies through the settings of his web browser. Kamen Plehan excludes any liability for any loss of functionality and\/or quality of the content of the website <span style=\"color: #333333\">www.kamenplehan.hr<\/span> in all cases of choice of regulation of the receipt of cookies by the user.<\/p><p>Kamen Plehan is not responsible for the cookies of other websites that are not owned by Kamen Plehan. We will link the information about the User obtained by cookies with other data about the User to get to know the User better and provide a better User experience, only based on consent.<\/p><p>\u00a0<\/p><h4><b>WHAT IF I DO NOT ACCEPT COOKIES?<\/b><\/h4><p>If you choose not to accept cookies, certain features of this website may not be displayed or work properly. This will limit the capabilities provided by our site and could affect the design and user experience.<\/p><p>\u00a0<\/p><h4><b>WEBSITE STATISTICS<\/b><\/h4><p class=\" translation-block\">The website www.kamenplehan.hr monitors statistical traffic solely to obtain the necessary information on the attractiveness and success of its pages on the market, using a third-party service called Google Analytics. Detailed third-party information about this service, as well as the possibilities of users of the website www.kamenplehan.hr regarding the regulation of cookies that are necessary for the same, are available at: http:\/\/www.google.com\/intl\/en\/analytics\/ privacyoverview.html.<\/p><p>\u00a0<\/p><h4><b>OTHER<\/b><\/h4><p class=\" translation-block\">By using the website www.kamenplehan.hr, it is considered that the users are at all times familiar with these terms of use, including the provisions on data processing and possibilities related to cookies.<\/p><p>Kamen Plehan reserves the right to change the content of this website and will not be liable for any possible consequences resulting from such changes.<\/p>\t\t\t\t\t\t<\/div>\n\t\t\t\t<\/div>\n\t\t\t\t\t<\/div>\n\t\t<\/div>\n\t\t\t\t\t\t\t<\/div>\n\t\t<\/section>\n\t\t\t\t\t\t\t<\/div>","protected":false},"excerpt":{"rendered":"<p>Cookie policy Web stranica www.kamenplehan.hr koristi tzv. kola\u010di\u0107e (eng. cookies) kako bi se korisniku besplatno pru\u017eila usluga s potpunim funkcionalnostima i \u0161to kvalitetnijim sadr\u017eajem. Kola\u010di\u0107i predstavljaju skup podataka koje generira poslu\u017eitelj web stranica i koje web preglednik sprema na disk korisnika u obliku male tekstualne datoteke s odre\u0111enim podacima Korisnika (npr. IP adresa s koje [&hellip;]<\/p>","protected":false},"author":1,"featured_media":0,"parent":0,"menu_order":0,"comment_status":"closed","ping_status":"closed","template":"","meta":{"footnotes":""},"class_list":["post-748","page","type-page","status-publish","hentry"],"_links":{"self":[{"href":"https:\/\/kamenplehan.hr\/en\/wp-json\/wp\/v2\/pages\/748","targetHints":{"allow":["GET"]}}],"collection":[{"href":"https:\/\/kamenplehan.hr\/en\/wp-json\/wp\/v2\/pages"}],"about":[{"href":"https:\/\/kamenplehan.hr\/en\/wp-json\/wp\/v2\/types\/page"}],"author":[{"embeddable":true,"href":"https:\/\/kamenplehan.hr\/en\/wp-json\/wp\/v2\/users\/1"}],"replies":[{"embeddable":true,"href":"https:\/\/kamenplehan.hr\/en\/wp-json\/wp\/v2\/comments?post=748"}],"version-history":[{"count":0,"href":"https:\/\/kamenplehan.hr\/en\/wp-json\/wp\/v2\/pages\/748\/revisions"}],"wp:attachment":[{"href":"https:\/\/kamenplehan.hr\/en\/wp-json\/wp\/v2\/media?parent=748"}],"curies":[{"name":"wp","href":"https:\/\/api.w.org\/{rel}","templated":true}]}}